{"id":30624,"date":"2022-06-15T06:32:49","date_gmt":"2022-06-15T06:32:49","guid":{"rendered":"https:\/\/refactor-second-attempt.torseed.dev.greenparrot.pl\/produkt\/mak-syberyjski-mieszanka\/"},"modified":"2023-03-29T18:31:06","modified_gmt":"2023-03-29T18:31:06","slug":"mak-syberyjski-mieszanka","status":"publish","type":"product","link":"https:\/\/torseed.eu\/ru\/produkt\/mak-syberyjski-mieszanka\/","title":{"rendered":"Mak syberyjski mieszanka"},"content":{"rendered":"<p>Ro\u015blina o dwuletnim cyklu uprawy. Kwiaty barwy bia\u0142ej, \u017c\u00f3ltej, r\u00f3\u017cowej, pomara\u0144czowej lub czerwonej. Ro\u015bnie na ka\u017cdej zasobnej glebie. Zastosowanie: rabaty, kwiat ci\u0119ty.<\/p>","protected":false},"excerpt":{"rendered":"<p>Ro\u015blina o dwuletnim cyklu uprawy. Kwiaty barwy bia\u0142ej, \u017c\u00f3ltej, r\u00f3\u017cowej, pomara\u0144czowej lub czerwonej. Ro\u015bnie na ka\u017cdej zasobnej glebie. Zastosowanie: rabaty, kwiat ci\u0119ty.<\/p>\n","protected":false},"featured_media":19138,"comment_status":"open","ping_status":"open","template":"","meta":{"inline_featured_image":false},"product_cat":[90,92],"product_tag":[],"acf":[],"featured_image":"https:\/\/torseed.eu\/app\/uploads\/2023\/03\/1172.jpg","_links":{"self":[{"href":"https:\/\/torseed.eu\/ru\/wp-json\/wp\/v2\/product\/30624"}],"collection":[{"href":"https:\/\/torseed.eu\/ru\/wp-json\/wp\/v2\/product"}],"about":[{"href":"https:\/\/torseed.eu\/ru\/wp-json\/wp\/v2\/types\/product"}],"replies":[{"embeddable":true,"href":"https:\/\/torseed.eu\/ru\/wp-json\/wp\/v2\/comments?post=30624"}],"version-history":[{"count":0,"href":"https:\/\/torseed.eu\/ru\/wp-json\/wp\/v2\/product\/30624\/revisions"}],"wp:featuredmedia":[{"embeddable":true,"href":"https:\/\/torseed.eu\/ru\/wp-json\/wp\/v2\/media\/19138"}],"wp:attachment":[{"href":"https:\/\/torseed.eu\/ru\/wp-json\/wp\/v2\/media?parent=30624"}],"wp:term":[{"taxonomy":"product_cat","embeddable":true,"href":"https:\/\/torseed.eu\/ru\/wp-json\/wp\/v2\/product_cat?post=30624"},{"taxonomy":"product_tag","embeddable":true,"href":"https:\/\/torseed.eu\/ru\/wp-json\/wp\/v2\/product_tag?post=30624"}],"curies":[{"name":"wp","href":"https:\/\/api.w.org\/{rel}","templated":true}]}}