{"id":30625,"date":"2022-06-15T06:32:49","date_gmt":"2022-06-15T06:32:49","guid":{"rendered":"https:\/\/refactor-second-attempt.torseed.dev.greenparrot.pl\/produkt\/malwa-ogrodowa-pelna-mieszanka\/"},"modified":"2023-03-29T18:31:07","modified_gmt":"2023-03-29T18:31:07","slug":"malwa-ogrodowa-pelna-mieszanka","status":"publish","type":"product","link":"https:\/\/torseed.eu\/ru\/produkt\/malwa-ogrodowa-pelna-mieszanka\/","title":{"rendered":"Malwa ogrodowa pe\u0142na &#8211; mieszanka"},"content":{"rendered":"<p>Ro\u015blina dwuletnia, o du\u017cych, pe\u0142nych lub p\u00f3\u0142pe\u0142nych kwiatach w du\u017cej gamie kolor\u00f3w. Wymaga gleby \u017cyznej, g\u0142\u0119boko uprawionej. Zastosowanie: na kwiat ci\u0119ty, na rabaty.<\/p>","protected":false},"excerpt":{"rendered":"<p>Ro\u015blina dwuletnia, o du\u017cych, pe\u0142nych lub p\u00f3\u0142pe\u0142nych kwiatach w du\u017cej gamie kolor\u00f3w. Wymaga gleby \u017cyznej, g\u0142\u0119boko uprawionej. Zastosowanie: na kwiat ci\u0119ty, na rabaty.<\/p>\n","protected":false},"featured_media":19141,"comment_status":"open","ping_status":"open","template":"","meta":{"inline_featured_image":false},"product_cat":[90,92],"product_tag":[],"acf":[],"featured_image":"https:\/\/torseed.eu\/app\/uploads\/2023\/03\/1174.jpg","_links":{"self":[{"href":"https:\/\/torseed.eu\/ru\/wp-json\/wp\/v2\/product\/30625"}],"collection":[{"href":"https:\/\/torseed.eu\/ru\/wp-json\/wp\/v2\/product"}],"about":[{"href":"https:\/\/torseed.eu\/ru\/wp-json\/wp\/v2\/types\/product"}],"replies":[{"embeddable":true,"href":"https:\/\/torseed.eu\/ru\/wp-json\/wp\/v2\/comments?post=30625"}],"version-history":[{"count":0,"href":"https:\/\/torseed.eu\/ru\/wp-json\/wp\/v2\/product\/30625\/revisions"}],"wp:featuredmedia":[{"embeddable":true,"href":"https:\/\/torseed.eu\/ru\/wp-json\/wp\/v2\/media\/19141"}],"wp:attachment":[{"href":"https:\/\/torseed.eu\/ru\/wp-json\/wp\/v2\/media?parent=30625"}],"wp:term":[{"taxonomy":"product_cat","embeddable":true,"href":"https:\/\/torseed.eu\/ru\/wp-json\/wp\/v2\/product_cat?post=30625"},{"taxonomy":"product_tag","embeddable":true,"href":"https:\/\/torseed.eu\/ru\/wp-json\/wp\/v2\/product_tag?post=30625"}],"curies":[{"name":"wp","href":"https:\/\/api.w.org\/{rel}","templated":true}]}}