{"id":30627,"date":"2022-06-15T06:32:47","date_gmt":"2022-06-15T06:32:47","guid":{"rendered":"https:\/\/refactor-second-attempt.torseed.dev.greenparrot.pl\/produkt\/lyszczec-wiechowaty-bialy\/"},"modified":"2023-03-29T18:31:09","modified_gmt":"2023-03-29T18:31:09","slug":"lyszczec-wiechowaty-bialy","status":"publish","type":"product","link":"https:\/\/torseed.eu\/ru\/produkt\/lyszczec-wiechowaty-bialy\/","title":{"rendered":"\u0141yszczec wiechowaty bia\u0142y"},"content":{"rendered":"<p>Bylina o bia\u0142ych drobnych kwiatach. Wymaga gleby suchej, wapiennej. Zastosowanie: do suchych bukiet\u00f3w, na rabaty.<\/p>","protected":false},"excerpt":{"rendered":"<p>Bylina o bia\u0142ych drobnych kwiatach. Wymaga gleby suchej, wapiennej. Zastosowanie: do suchych bukiet\u00f3w, na rabaty.<\/p>\n","protected":false},"featured_media":19132,"comment_status":"open","ping_status":"open","template":"","meta":{"inline_featured_image":false},"product_cat":[92,90],"product_tag":[],"acf":[],"featured_image":"https:\/\/torseed.eu\/app\/uploads\/2023\/03\/1168.jpg","_links":{"self":[{"href":"https:\/\/torseed.eu\/ru\/wp-json\/wp\/v2\/product\/30627"}],"collection":[{"href":"https:\/\/torseed.eu\/ru\/wp-json\/wp\/v2\/product"}],"about":[{"href":"https:\/\/torseed.eu\/ru\/wp-json\/wp\/v2\/types\/product"}],"replies":[{"embeddable":true,"href":"https:\/\/torseed.eu\/ru\/wp-json\/wp\/v2\/comments?post=30627"}],"version-history":[{"count":0,"href":"https:\/\/torseed.eu\/ru\/wp-json\/wp\/v2\/product\/30627\/revisions"}],"wp:featuredmedia":[{"embeddable":true,"href":"https:\/\/torseed.eu\/ru\/wp-json\/wp\/v2\/media\/19132"}],"wp:attachment":[{"href":"https:\/\/torseed.eu\/ru\/wp-json\/wp\/v2\/media?parent=30627"}],"wp:term":[{"taxonomy":"product_cat","embeddable":true,"href":"https:\/\/torseed.eu\/ru\/wp-json\/wp\/v2\/product_cat?post=30627"},{"taxonomy":"product_tag","embeddable":true,"href":"https:\/\/torseed.eu\/ru\/wp-json\/wp\/v2\/product_tag?post=30627"}],"curies":[{"name":"wp","href":"https:\/\/api.w.org\/{rel}","templated":true}]}}