{"id":30629,"date":"2022-06-15T06:32:40","date_gmt":"2022-06-15T06:32:40","guid":{"rendered":"https:\/\/refactor-second-attempt.torseed.dev.greenparrot.pl\/produkt\/liatra-klosowa-mieszanka\/"},"modified":"2023-03-29T18:31:11","modified_gmt":"2023-03-29T18:31:11","slug":"liatra-klosowa-mieszanka","status":"publish","type":"product","link":"https:\/\/torseed.eu\/ru\/produkt\/liatra-klosowa-mieszanka\/","title":{"rendered":"Liatra k\u0142osowa mieszanka"},"content":{"rendered":"<p>Bylina, ro\u015blina o k\u0142osowatych kwiatostanach, zakwitaj\u0105cych od wierzcho\u0142ka do do\u0142u. Zastosowanie: do pojemnik\u00f3w, na kwiat ci\u0119ty, na rabaty bylinowe.<\/p>","protected":false},"excerpt":{"rendered":"<p>Bylina, ro\u015blina o k\u0142osowatych kwiatostanach, zakwitaj\u0105cych od wierzcho\u0142ka do do\u0142u. Zastosowanie: do pojemnik\u00f3w, na kwiat ci\u0119ty, na rabaty bylinowe.<\/p>\n","protected":false},"featured_media":19126,"comment_status":"open","ping_status":"open","template":"","meta":{"inline_featured_image":false},"product_cat":[90,92],"product_tag":[],"acf":[],"featured_image":"https:\/\/torseed.eu\/app\/uploads\/2023\/03\/9197.jpg","_links":{"self":[{"href":"https:\/\/torseed.eu\/ru\/wp-json\/wp\/v2\/product\/30629"}],"collection":[{"href":"https:\/\/torseed.eu\/ru\/wp-json\/wp\/v2\/product"}],"about":[{"href":"https:\/\/torseed.eu\/ru\/wp-json\/wp\/v2\/types\/product"}],"replies":[{"embeddable":true,"href":"https:\/\/torseed.eu\/ru\/wp-json\/wp\/v2\/comments?post=30629"}],"version-history":[{"count":0,"href":"https:\/\/torseed.eu\/ru\/wp-json\/wp\/v2\/product\/30629\/revisions"}],"wp:featuredmedia":[{"embeddable":true,"href":"https:\/\/torseed.eu\/ru\/wp-json\/wp\/v2\/media\/19126"}],"wp:attachment":[{"href":"https:\/\/torseed.eu\/ru\/wp-json\/wp\/v2\/media?parent=30629"}],"wp:term":[{"taxonomy":"product_cat","embeddable":true,"href":"https:\/\/torseed.eu\/ru\/wp-json\/wp\/v2\/product_cat?post=30629"},{"taxonomy":"product_tag","embeddable":true,"href":"https:\/\/torseed.eu\/ru\/wp-json\/wp\/v2\/product_tag?post=30629"}],"curies":[{"name":"wp","href":"https:\/\/api.w.org\/{rel}","templated":true}]}}