{"id":30639,"date":"2022-06-15T06:32:27","date_gmt":"2022-06-15T06:32:27","guid":{"rendered":"https:\/\/refactor-second-attempt.torseed.dev.greenparrot.pl\/produkt\/kocimietka-niebieska\/"},"modified":"2023-03-29T18:31:20","modified_gmt":"2023-03-29T18:31:20","slug":"kocimietka-niebieska","status":"publish","type":"product","link":"https:\/\/torseed.eu\/ru\/produkt\/kocimietka-niebieska\/","title":{"rendered":"Kocimi\u0119tka niebieska"},"content":{"rendered":"<p>Bylina o drobnych kwiatach, zebranych w k\u0142osy. Wymaga gleby przepuszczalnej, suchej. Zastosowanie: na rabaty, bylinowe, obw\u00f3dki.<\/p>","protected":false},"excerpt":{"rendered":"<p>Bylina o drobnych kwiatach, zebranych w k\u0142osy. Wymaga gleby przepuszczalnej, suchej. Zastosowanie: na rabaty, bylinowe, obw\u00f3dki.<\/p>\n","protected":false},"featured_media":29202,"comment_status":"open","ping_status":"closed","template":"","meta":{"inline_featured_image":false},"product_cat":[90,92],"product_tag":[],"acf":[],"featured_image":"https:\/\/torseed.eu\/app\/uploads\/2023\/03\/1149.jpg","_links":{"self":[{"href":"https:\/\/torseed.eu\/ru\/wp-json\/wp\/v2\/product\/30639"}],"collection":[{"href":"https:\/\/torseed.eu\/ru\/wp-json\/wp\/v2\/product"}],"about":[{"href":"https:\/\/torseed.eu\/ru\/wp-json\/wp\/v2\/types\/product"}],"replies":[{"embeddable":true,"href":"https:\/\/torseed.eu\/ru\/wp-json\/wp\/v2\/comments?post=30639"}],"version-history":[{"count":0,"href":"https:\/\/torseed.eu\/ru\/wp-json\/wp\/v2\/product\/30639\/revisions"}],"wp:featuredmedia":[{"embeddable":true,"href":"https:\/\/torseed.eu\/ru\/wp-json\/wp\/v2\/media\/29202"}],"wp:attachment":[{"href":"https:\/\/torseed.eu\/ru\/wp-json\/wp\/v2\/media?parent=30639"}],"wp:term":[{"taxonomy":"product_cat","embeddable":true,"href":"https:\/\/torseed.eu\/ru\/wp-json\/wp\/v2\/product_cat?post=30639"},{"taxonomy":"product_tag","embeddable":true,"href":"https:\/\/torseed.eu\/ru\/wp-json\/wp\/v2\/product_tag?post=30639"}],"curies":[{"name":"wp","href":"https:\/\/api.w.org\/{rel}","templated":true}]}}