{"id":30640,"date":"2022-06-15T06:32:26","date_gmt":"2022-06-15T06:32:26","guid":{"rendered":"https:\/\/refactor-second-attempt.torseed.dev.greenparrot.pl\/produkt\/groszek-szerokolistny-mieszanka\/"},"modified":"2023-03-29T18:31:21","modified_gmt":"2023-03-29T18:31:21","slug":"groszek-szerokolistny-mieszanka","status":"publish","type":"product","link":"https:\/\/torseed.eu\/ru\/produkt\/groszek-szerokolistny-mieszanka\/","title":{"rendered":"Groszek szerokolistny mieszanka"},"content":{"rendered":"<p>Bylina pn\u0105ca z czepnymi w\u0105sami, o r\u00f3\u017cnobarwnych kwiatach. Wymaga gleby \u017cyznej. Zastosowanie: do obsadzania balkon\u00f3w, altan.<\/p>","protected":false},"excerpt":{"rendered":"<p>Bylina pn\u0105ca z czepnymi w\u0105sami, o r\u00f3\u017cnobarwnych kwiatach. Wymaga gleby \u017cyznej. Zastosowanie: do obsadzania balkon\u00f3w, altan.<\/p>\n","protected":false},"featured_media":19093,"comment_status":"open","ping_status":"open","template":"","meta":{"inline_featured_image":false},"product_cat":[90,92],"product_tag":[],"acf":[],"featured_image":"https:\/\/torseed.eu\/app\/uploads\/2023\/03\/1145.jpg","_links":{"self":[{"href":"https:\/\/torseed.eu\/ru\/wp-json\/wp\/v2\/product\/30640"}],"collection":[{"href":"https:\/\/torseed.eu\/ru\/wp-json\/wp\/v2\/product"}],"about":[{"href":"https:\/\/torseed.eu\/ru\/wp-json\/wp\/v2\/types\/product"}],"replies":[{"embeddable":true,"href":"https:\/\/torseed.eu\/ru\/wp-json\/wp\/v2\/comments?post=30640"}],"version-history":[{"count":0,"href":"https:\/\/torseed.eu\/ru\/wp-json\/wp\/v2\/product\/30640\/revisions"}],"wp:featuredmedia":[{"embeddable":true,"href":"https:\/\/torseed.eu\/ru\/wp-json\/wp\/v2\/media\/19093"}],"wp:attachment":[{"href":"https:\/\/torseed.eu\/ru\/wp-json\/wp\/v2\/media?parent=30640"}],"wp:term":[{"taxonomy":"product_cat","embeddable":true,"href":"https:\/\/torseed.eu\/ru\/wp-json\/wp\/v2\/product_cat?post=30640"},{"taxonomy":"product_tag","embeddable":true,"href":"https:\/\/torseed.eu\/ru\/wp-json\/wp\/v2\/product_tag?post=30640"}],"curies":[{"name":"wp","href":"https:\/\/api.w.org\/{rel}","templated":true}]}}