{"id":30644,"date":"2022-06-15T06:32:22","date_gmt":"2022-06-15T06:32:22","guid":{"rendered":"https:\/\/refactor-second-attempt.torseed.dev.greenparrot.pl\/produkt\/gozdzik-brodaty-wysoki-pelny-mieszanka\/"},"modified":"2023-03-29T18:31:36","modified_gmt":"2023-03-29T18:31:36","slug":"gozdzik-brodaty-wysoki-pelny-mieszanka","status":"publish","type":"product","link":"https:\/\/torseed.eu\/ru\/produkt\/gozdzik-brodaty-wysoki-pelny-mieszanka\/","title":{"rendered":"Go\u017adzik brodaty wysoki, pe\u0142ny &#8211; mieszanka"},"content":{"rendered":"<p>Ro\u015blina dwuletnia o drobnych kwiatach, zebranych w zbite kwiatostany. Udaje si\u0119 na ka\u017cdej dostatecznie wilgotnej glebie. Zastosowanie: na kwiat ci\u0119ty, na rabaty.<\/p>","protected":false},"excerpt":{"rendered":"<p>Ro\u015blina dwuletnia o drobnych kwiatach, zebranych w zbite kwiatostany. Udaje si\u0119 na ka\u017cdej dostatecznie wilgotnej glebie. Zastosowanie: na kwiat ci\u0119ty, na rabaty.<\/p>\n","protected":false},"featured_media":19078,"comment_status":"open","ping_status":"open","template":"","meta":{"inline_featured_image":false},"product_cat":[90,92],"product_tag":[],"acf":[],"featured_image":"https:\/\/torseed.eu\/app\/uploads\/2023\/03\/2161.jpg","_links":{"self":[{"href":"https:\/\/torseed.eu\/ru\/wp-json\/wp\/v2\/product\/30644"}],"collection":[{"href":"https:\/\/torseed.eu\/ru\/wp-json\/wp\/v2\/product"}],"about":[{"href":"https:\/\/torseed.eu\/ru\/wp-json\/wp\/v2\/types\/product"}],"replies":[{"embeddable":true,"href":"https:\/\/torseed.eu\/ru\/wp-json\/wp\/v2\/comments?post=30644"}],"version-history":[{"count":0,"href":"https:\/\/torseed.eu\/ru\/wp-json\/wp\/v2\/product\/30644\/revisions"}],"wp:featuredmedia":[{"embeddable":true,"href":"https:\/\/torseed.eu\/ru\/wp-json\/wp\/v2\/media\/19078"}],"wp:attachment":[{"href":"https:\/\/torseed.eu\/ru\/wp-json\/wp\/v2\/media?parent=30644"}],"wp:term":[{"taxonomy":"product_cat","embeddable":true,"href":"https:\/\/torseed.eu\/ru\/wp-json\/wp\/v2\/product_cat?post=30644"},{"taxonomy":"product_tag","embeddable":true,"href":"https:\/\/torseed.eu\/ru\/wp-json\/wp\/v2\/product_tag?post=30644"}],"curies":[{"name":"wp","href":"https:\/\/api.w.org\/{rel}","templated":true}]}}