{"id":30646,"date":"2022-06-15T06:32:21","date_gmt":"2022-06-15T06:32:21","guid":{"rendered":"https:\/\/refactor-second-attempt.torseed.dev.greenparrot.pl\/produkt\/gozdzik-ogrodowy-mieszanka\/"},"modified":"2023-03-29T18:31:38","modified_gmt":"2023-03-29T18:31:38","slug":"gozdzik-ogrodowy-mieszanka","status":"publish","type":"product","link":"https:\/\/torseed.eu\/ru\/produkt\/gozdzik-ogrodowy-mieszanka\/","title":{"rendered":"Go\u017adzik ogrodowy mieszanka"},"content":{"rendered":"<p>Ro\u015blina dwuletnia, silnie pachn\u0105ca o du\u017cych, pe\u0142nych kwiatach. Wymaga gleby \u017cyznej, gliniastej. Zastosowanie: na kwiat ci\u0119ty, na rabaty.<\/p>","protected":false},"excerpt":{"rendered":"<p>Ro\u015blina dwuletnia, silnie pachn\u0105ca o du\u017cych, pe\u0142nych kwiatach. Wymaga gleby \u017cyznej, gliniastej. Zastosowanie: na kwiat ci\u0119ty, na rabaty.<\/p>\n","protected":false},"featured_media":19072,"comment_status":"open","ping_status":"open","template":"","meta":{"inline_featured_image":false},"product_cat":[90,92],"product_tag":[],"acf":[],"featured_image":"https:\/\/torseed.eu\/app\/uploads\/2023\/03\/1136.jpg","_links":{"self":[{"href":"https:\/\/torseed.eu\/ru\/wp-json\/wp\/v2\/product\/30646"}],"collection":[{"href":"https:\/\/torseed.eu\/ru\/wp-json\/wp\/v2\/product"}],"about":[{"href":"https:\/\/torseed.eu\/ru\/wp-json\/wp\/v2\/types\/product"}],"replies":[{"embeddable":true,"href":"https:\/\/torseed.eu\/ru\/wp-json\/wp\/v2\/comments?post=30646"}],"version-history":[{"count":0,"href":"https:\/\/torseed.eu\/ru\/wp-json\/wp\/v2\/product\/30646\/revisions"}],"wp:featuredmedia":[{"embeddable":true,"href":"https:\/\/torseed.eu\/ru\/wp-json\/wp\/v2\/media\/19072"}],"wp:attachment":[{"href":"https:\/\/torseed.eu\/ru\/wp-json\/wp\/v2\/media?parent=30646"}],"wp:term":[{"taxonomy":"product_cat","embeddable":true,"href":"https:\/\/torseed.eu\/ru\/wp-json\/wp\/v2\/product_cat?post=30646"},{"taxonomy":"product_tag","embeddable":true,"href":"https:\/\/torseed.eu\/ru\/wp-json\/wp\/v2\/product_tag?post=30646"}],"curies":[{"name":"wp","href":"https:\/\/api.w.org\/{rel}","templated":true}]}}