{"id":30648,"date":"2022-06-15T06:32:15","date_gmt":"2022-06-15T06:32:15","guid":{"rendered":"https:\/\/refactor-second-attempt.torseed.dev.greenparrot.pl\/produkt\/gesiowka-biala\/"},"modified":"2023-03-29T18:31:40","modified_gmt":"2023-03-29T18:31:40","slug":"gesiowka-biala","status":"publish","type":"product","link":"https:\/\/torseed.eu\/ru\/produkt\/gesiowka-biala\/","title":{"rendered":"G\u0119si\u00f3wka bia\u0142a"},"content":{"rendered":"<p>Bylina o bia\u0142ych kwiatach. Udaje si\u0119 na ka\u017cdej glebie. Zastosowanie: na rabaty bylinowe, do ogr\u00f3dk\u00f3w skalnych.<\/p>","protected":false},"excerpt":{"rendered":"<p>Bylina o bia\u0142ych kwiatach. Udaje si\u0119 na ka\u017cdej glebie. Zastosowanie: na rabaty bylinowe, do ogr\u00f3dk\u00f3w skalnych.<\/p>\n","protected":false},"featured_media":19069,"comment_status":"open","ping_status":"open","template":"","meta":{"inline_featured_image":false},"product_cat":[90,92],"product_tag":[],"acf":[],"featured_image":"https:\/\/torseed.eu\/app\/uploads\/2023\/03\/1134.jpg","_links":{"self":[{"href":"https:\/\/torseed.eu\/ru\/wp-json\/wp\/v2\/product\/30648"}],"collection":[{"href":"https:\/\/torseed.eu\/ru\/wp-json\/wp\/v2\/product"}],"about":[{"href":"https:\/\/torseed.eu\/ru\/wp-json\/wp\/v2\/types\/product"}],"replies":[{"embeddable":true,"href":"https:\/\/torseed.eu\/ru\/wp-json\/wp\/v2\/comments?post=30648"}],"version-history":[{"count":0,"href":"https:\/\/torseed.eu\/ru\/wp-json\/wp\/v2\/product\/30648\/revisions"}],"wp:featuredmedia":[{"embeddable":true,"href":"https:\/\/torseed.eu\/ru\/wp-json\/wp\/v2\/media\/19069"}],"wp:attachment":[{"href":"https:\/\/torseed.eu\/ru\/wp-json\/wp\/v2\/media?parent=30648"}],"wp:term":[{"taxonomy":"product_cat","embeddable":true,"href":"https:\/\/torseed.eu\/ru\/wp-json\/wp\/v2\/product_cat?post=30648"},{"taxonomy":"product_tag","embeddable":true,"href":"https:\/\/torseed.eu\/ru\/wp-json\/wp\/v2\/product_tag?post=30648"}],"curies":[{"name":"wp","href":"https:\/\/api.w.org\/{rel}","templated":true}]}}