{"id":30651,"date":"2022-06-15T06:32:12","date_gmt":"2022-06-15T06:32:12","guid":{"rendered":"https:\/\/refactor-second-attempt.torseed.dev.greenparrot.pl\/produkt\/dziewiecsil-bezlodygowy-jasnobezowy\/"},"modified":"2023-03-29T18:31:43","modified_gmt":"2023-03-29T18:31:43","slug":"dziewiecsil-bezlodygowy-jasnobezowy","status":"publish","type":"product","link":"https:\/\/torseed.eu\/ru\/produkt\/dziewiecsil-bezlodygowy-jasnobezowy\/","title":{"rendered":"Dziewi\u0119\u0107si\u0142 bez\u0142odygowy jasnobe\u017cowy"},"content":{"rendered":"<p>Bylina uprawiana g\u0142\u00f3wnie na skalniakach, przeznaczona r\u00f3wniez do zasuszania na zimowe bukiety i dekoracje. Wymaga gleby \u017cyznej o odczynie zasadowym, a tak\u017ce suchego stanowiska. Przed wysiewem nasion wskazane jest ich przemro\u017cenie.<\/p>","protected":false},"excerpt":{"rendered":"<p>Bylina uprawiana g\u0142\u00f3wnie na skalniakach, przeznaczona r\u00f3wniez do zasuszania na zimowe bukiety i dekoracje. Wymaga gleby \u017cyznej o odczynie zasadowym, a tak\u017ce suchego stanowiska. Przed wysiewem nasion wskazane jest ich przemro\u017cenie.<\/p>\n","protected":false},"featured_media":19057,"comment_status":"open","ping_status":"open","template":"","meta":{"inline_featured_image":false},"product_cat":[90,92],"product_tag":[],"acf":[],"featured_image":"https:\/\/torseed.eu\/app\/uploads\/2023\/03\/1126.jpg","_links":{"self":[{"href":"https:\/\/torseed.eu\/ru\/wp-json\/wp\/v2\/product\/30651"}],"collection":[{"href":"https:\/\/torseed.eu\/ru\/wp-json\/wp\/v2\/product"}],"about":[{"href":"https:\/\/torseed.eu\/ru\/wp-json\/wp\/v2\/types\/product"}],"replies":[{"embeddable":true,"href":"https:\/\/torseed.eu\/ru\/wp-json\/wp\/v2\/comments?post=30651"}],"version-history":[{"count":0,"href":"https:\/\/torseed.eu\/ru\/wp-json\/wp\/v2\/product\/30651\/revisions"}],"wp:featuredmedia":[{"embeddable":true,"href":"https:\/\/torseed.eu\/ru\/wp-json\/wp\/v2\/media\/19057"}],"wp:attachment":[{"href":"https:\/\/torseed.eu\/ru\/wp-json\/wp\/v2\/media?parent=30651"}],"wp:term":[{"taxonomy":"product_cat","embeddable":true,"href":"https:\/\/torseed.eu\/ru\/wp-json\/wp\/v2\/product_cat?post=30651"},{"taxonomy":"product_tag","embeddable":true,"href":"https:\/\/torseed.eu\/ru\/wp-json\/wp\/v2\/product_tag?post=30651"}],"curies":[{"name":"wp","href":"https:\/\/api.w.org\/{rel}","templated":true}]}}