{"id":30652,"date":"2022-06-15T06:32:12","date_gmt":"2022-06-15T06:32:12","guid":{"rendered":"https:\/\/refactor-second-attempt.torseed.dev.greenparrot.pl\/produkt\/fiolek-rogaty-mieszanka\/"},"modified":"2023-03-29T18:31:43","modified_gmt":"2023-03-29T18:31:43","slug":"fiolek-rogaty-mieszanka","status":"publish","type":"product","link":"https:\/\/torseed.eu\/ru\/produkt\/fiolek-rogaty-mieszanka\/","title":{"rendered":"Fio\u0142ek rogaty mieszanka"},"content":{"rendered":"<p>Ro\u015blina dwuletnia o r\u00f3\u017cnobarwnych, drobnych kwiatach. D\u0142ugo i obficie kwitn\u0105ca. Wymaga gleby pr\u00f3chnicznej. Zastosowanie: na rabaty, obw\u00f3dki, do skrzynek, ogr\u00f3dk\u00f3w skalnych oraz do uprawy doniczkowej.<\/p>","protected":false},"excerpt":{"rendered":"<p>Ro\u015blina dwuletnia o r\u00f3\u017cnobarwnych, drobnych kwiatach. D\u0142ugo i obficie kwitn\u0105ca. Wymaga gleby pr\u00f3chnicznej. Zastosowanie: na rabaty, obw\u00f3dki, do skrzynek, ogr\u00f3dk\u00f3w skalnych oraz do uprawy doniczkowej.<\/p>\n","protected":false},"featured_media":19060,"comment_status":"open","ping_status":"open","template":"","meta":{"inline_featured_image":false},"product_cat":[92,90],"product_tag":[],"acf":[],"featured_image":"https:\/\/torseed.eu\/app\/uploads\/2023\/03\/1128.jpg","_links":{"self":[{"href":"https:\/\/torseed.eu\/ru\/wp-json\/wp\/v2\/product\/30652"}],"collection":[{"href":"https:\/\/torseed.eu\/ru\/wp-json\/wp\/v2\/product"}],"about":[{"href":"https:\/\/torseed.eu\/ru\/wp-json\/wp\/v2\/types\/product"}],"replies":[{"embeddable":true,"href":"https:\/\/torseed.eu\/ru\/wp-json\/wp\/v2\/comments?post=30652"}],"version-history":[{"count":0,"href":"https:\/\/torseed.eu\/ru\/wp-json\/wp\/v2\/product\/30652\/revisions"}],"wp:featuredmedia":[{"embeddable":true,"href":"https:\/\/torseed.eu\/ru\/wp-json\/wp\/v2\/media\/19060"}],"wp:attachment":[{"href":"https:\/\/torseed.eu\/ru\/wp-json\/wp\/v2\/media?parent=30652"}],"wp:term":[{"taxonomy":"product_cat","embeddable":true,"href":"https:\/\/torseed.eu\/ru\/wp-json\/wp\/v2\/product_cat?post=30652"},{"taxonomy":"product_tag","embeddable":true,"href":"https:\/\/torseed.eu\/ru\/wp-json\/wp\/v2\/product_tag?post=30652"}],"curies":[{"name":"wp","href":"https:\/\/api.w.org\/{rel}","templated":true}]}}