{"id":30653,"date":"2022-06-15T06:32:11","date_gmt":"2022-06-15T06:32:11","guid":{"rendered":"https:\/\/refactor-second-attempt.torseed.dev.greenparrot.pl\/produkt\/dzwonek-brzoskwiniolistny-mieszanka\/"},"modified":"2023-03-29T18:31:44","modified_gmt":"2023-03-29T18:31:44","slug":"dzwonek-brzoskwiniolistny-mieszanka","status":"publish","type":"product","link":"https:\/\/torseed.eu\/ru\/produkt\/dzwonek-brzoskwiniolistny-mieszanka\/","title":{"rendered":"Dzwonek brzoskwiniolistny mieszanka"},"content":{"rendered":"<p>Bylina o r\u00f3\u017cnobarwnych kwiatach. Wymaga gleby suchej, piaszczysto-gliniastej, przepuszczalnej. Zastosowanie: na kwiat ci\u0119ty, rabaty.<\/p>","protected":false},"excerpt":{"rendered":"<p>Bylina o r\u00f3\u017cnobarwnych kwiatach. Wymaga gleby suchej, piaszczysto-gliniastej, przepuszczalnej. Zastosowanie: na kwiat ci\u0119ty, rabaty.<\/p>\n","protected":false},"featured_media":19054,"comment_status":"open","ping_status":"open","template":"","meta":{"inline_featured_image":false},"product_cat":[92,90],"product_tag":[],"acf":[],"featured_image":"https:\/\/torseed.eu\/app\/uploads\/2023\/03\/1124.jpg","_links":{"self":[{"href":"https:\/\/torseed.eu\/ru\/wp-json\/wp\/v2\/product\/30653"}],"collection":[{"href":"https:\/\/torseed.eu\/ru\/wp-json\/wp\/v2\/product"}],"about":[{"href":"https:\/\/torseed.eu\/ru\/wp-json\/wp\/v2\/types\/product"}],"replies":[{"embeddable":true,"href":"https:\/\/torseed.eu\/ru\/wp-json\/wp\/v2\/comments?post=30653"}],"version-history":[{"count":0,"href":"https:\/\/torseed.eu\/ru\/wp-json\/wp\/v2\/product\/30653\/revisions"}],"wp:featuredmedia":[{"embeddable":true,"href":"https:\/\/torseed.eu\/ru\/wp-json\/wp\/v2\/media\/19054"}],"wp:attachment":[{"href":"https:\/\/torseed.eu\/ru\/wp-json\/wp\/v2\/media?parent=30653"}],"wp:term":[{"taxonomy":"product_cat","embeddable":true,"href":"https:\/\/torseed.eu\/ru\/wp-json\/wp\/v2\/product_cat?post=30653"},{"taxonomy":"product_tag","embeddable":true,"href":"https:\/\/torseed.eu\/ru\/wp-json\/wp\/v2\/product_tag?post=30653"}],"curies":[{"name":"wp","href":"https:\/\/api.w.org\/{rel}","templated":true}]}}