{"id":30666,"date":"2022-06-15T06:31:55","date_gmt":"2022-06-15T06:31:55","guid":{"rendered":"https:\/\/refactor-second-attempt.torseed.dev.greenparrot.pl\/produkt\/bratek-wielkokwiatowy-niebieski\/"},"modified":"2023-03-29T18:32:07","modified_gmt":"2023-03-29T18:32:07","slug":"bratek-wielkokwiatowy-niebieski","status":"publish","type":"product","link":"https:\/\/torseed.eu\/ru\/produkt\/bratek-wielkokwiatowy-niebieski\/","title":{"rendered":"Bratek wielkokwiatowy niebieski"},"content":{"rendered":"<p>Ro\u015blina dwuletnia o bardzo du\u017cych kwiatach. Udaje si\u0119 na ka\u017cdej glebie. Zastosowanie: na rabaty, obw\u00f3dki, balkony.<\/p>","protected":false},"excerpt":{"rendered":"<p>Ro\u015blina dwuletnia o bardzo du\u017cych kwiatach. Udaje si\u0119 na ka\u017cdej glebie. Zastosowanie: na rabaty, obw\u00f3dki, balkony.<\/p>\n","protected":false},"featured_media":19015,"comment_status":"open","ping_status":"open","template":"","meta":{"inline_featured_image":false},"product_cat":[90,92],"product_tag":[],"acf":[],"featured_image":"https:\/\/torseed.eu\/app\/uploads\/2023\/03\/1101.jpg","_links":{"self":[{"href":"https:\/\/torseed.eu\/ru\/wp-json\/wp\/v2\/product\/30666"}],"collection":[{"href":"https:\/\/torseed.eu\/ru\/wp-json\/wp\/v2\/product"}],"about":[{"href":"https:\/\/torseed.eu\/ru\/wp-json\/wp\/v2\/types\/product"}],"replies":[{"embeddable":true,"href":"https:\/\/torseed.eu\/ru\/wp-json\/wp\/v2\/comments?post=30666"}],"version-history":[{"count":0,"href":"https:\/\/torseed.eu\/ru\/wp-json\/wp\/v2\/product\/30666\/revisions"}],"wp:featuredmedia":[{"embeddable":true,"href":"https:\/\/torseed.eu\/ru\/wp-json\/wp\/v2\/media\/19015"}],"wp:attachment":[{"href":"https:\/\/torseed.eu\/ru\/wp-json\/wp\/v2\/media?parent=30666"}],"wp:term":[{"taxonomy":"product_cat","embeddable":true,"href":"https:\/\/torseed.eu\/ru\/wp-json\/wp\/v2\/product_cat?post=30666"},{"taxonomy":"product_tag","embeddable":true,"href":"https:\/\/torseed.eu\/ru\/wp-json\/wp\/v2\/product_tag?post=30666"}],"curies":[{"name":"wp","href":"https:\/\/api.w.org\/{rel}","templated":true}]}}