{"id":30672,"date":"2022-06-15T06:31:44","date_gmt":"2022-06-15T06:31:44","guid":{"rendered":"https:\/\/refactor-second-attempt.torseed.dev.greenparrot.pl\/produkt\/zeniszek-modrofioletowy\/"},"modified":"2023-03-29T18:32:12","modified_gmt":"2023-03-29T18:32:12","slug":"zeniszek-modrofioletowy","status":"publish","type":"product","link":"https:\/\/torseed.eu\/ru\/produkt\/zeniszek-modrofioletowy\/","title":{"rendered":"\u017beniszek modrofioletowy"},"content":{"rendered":"<p>Ro\u015blina jednoroczna o zwartym, kulistym pokroju i drobnych zebranych w baldachogronach kwiatach. Wymaga gleby \u017cyznej i lekkiej. Doskona\u0142a na obw\u00f3dki i balkony.<\/p>","protected":false},"excerpt":{"rendered":"<p>Ro\u015blina jednoroczna o zwartym, kulistym pokroju i drobnych zebranych w baldachogronach kwiatach. Wymaga gleby \u017cyznej i lekkiej. Doskona\u0142a na obw\u00f3dki i balkony.<\/p>\n","protected":false},"featured_media":18994,"comment_status":"open","ping_status":"open","template":"","meta":{"inline_featured_image":false},"product_cat":[90,94],"product_tag":[],"acf":[],"featured_image":"https:\/\/torseed.eu\/app\/uploads\/2023\/03\/1089.jpg","_links":{"self":[{"href":"https:\/\/torseed.eu\/ru\/wp-json\/wp\/v2\/product\/30672"}],"collection":[{"href":"https:\/\/torseed.eu\/ru\/wp-json\/wp\/v2\/product"}],"about":[{"href":"https:\/\/torseed.eu\/ru\/wp-json\/wp\/v2\/types\/product"}],"replies":[{"embeddable":true,"href":"https:\/\/torseed.eu\/ru\/wp-json\/wp\/v2\/comments?post=30672"}],"version-history":[{"count":0,"href":"https:\/\/torseed.eu\/ru\/wp-json\/wp\/v2\/product\/30672\/revisions"}],"wp:featuredmedia":[{"embeddable":true,"href":"https:\/\/torseed.eu\/ru\/wp-json\/wp\/v2\/media\/18994"}],"wp:attachment":[{"href":"https:\/\/torseed.eu\/ru\/wp-json\/wp\/v2\/media?parent=30672"}],"wp:term":[{"taxonomy":"product_cat","embeddable":true,"href":"https:\/\/torseed.eu\/ru\/wp-json\/wp\/v2\/product_cat?post=30672"},{"taxonomy":"product_tag","embeddable":true,"href":"https:\/\/torseed.eu\/ru\/wp-json\/wp\/v2\/product_tag?post=30672"}],"curies":[{"name":"wp","href":"https:\/\/api.w.org\/{rel}","templated":true}]}}