{"id":30674,"date":"2022-06-15T06:31:41","date_gmt":"2022-06-15T06:31:41","guid":{"rendered":"https:\/\/refactor-second-attempt.torseed.dev.greenparrot.pl\/produkt\/zlocien-trojbarwny-mieszanka\/"},"modified":"2023-03-29T18:32:14","modified_gmt":"2023-03-29T18:32:14","slug":"zlocien-trojbarwny-mieszanka","status":"publish","type":"product","link":"https:\/\/torseed.eu\/ru\/produkt\/zlocien-trojbarwny-mieszanka\/","title":{"rendered":"Z\u0142ocie\u0144 tr\u00f3jbarwny mieszanka"},"content":{"rendered":"<p>Ro\u015blina jednoroczna o tr\u00f3jbarwnych du\u017cych kwiatach. Wymaga gleby ci\u0119\u017ckiej, gliniastopiaszczystej. Zastosowanie: na rabaty, obw\u00f3dki i na kwiat ci\u0119ty.<\/p>","protected":false},"excerpt":{"rendered":"<p>Ro\u015blina jednoroczna o tr\u00f3jbarwnych du\u017cych kwiatach. Wymaga gleby ci\u0119\u017ckiej, gliniastopiaszczystej. Zastosowanie: na rabaty, obw\u00f3dki i na kwiat ci\u0119ty.<\/p>\n","protected":false},"featured_media":18985,"comment_status":"open","ping_status":"open","template":"","meta":{"inline_featured_image":false},"product_cat":[94,90],"product_tag":[],"acf":[],"featured_image":"https:\/\/torseed.eu\/app\/uploads\/2023\/03\/1084.jpg","_links":{"self":[{"href":"https:\/\/torseed.eu\/ru\/wp-json\/wp\/v2\/product\/30674"}],"collection":[{"href":"https:\/\/torseed.eu\/ru\/wp-json\/wp\/v2\/product"}],"about":[{"href":"https:\/\/torseed.eu\/ru\/wp-json\/wp\/v2\/types\/product"}],"replies":[{"embeddable":true,"href":"https:\/\/torseed.eu\/ru\/wp-json\/wp\/v2\/comments?post=30674"}],"version-history":[{"count":0,"href":"https:\/\/torseed.eu\/ru\/wp-json\/wp\/v2\/product\/30674\/revisions"}],"wp:featuredmedia":[{"embeddable":true,"href":"https:\/\/torseed.eu\/ru\/wp-json\/wp\/v2\/media\/18985"}],"wp:attachment":[{"href":"https:\/\/torseed.eu\/ru\/wp-json\/wp\/v2\/media?parent=30674"}],"wp:term":[{"taxonomy":"product_cat","embeddable":true,"href":"https:\/\/torseed.eu\/ru\/wp-json\/wp\/v2\/product_cat?post=30674"},{"taxonomy":"product_tag","embeddable":true,"href":"https:\/\/torseed.eu\/ru\/wp-json\/wp\/v2\/product_tag?post=30674"}],"curies":[{"name":"wp","href":"https:\/\/api.w.org\/{rel}","templated":true}]}}