{"id":30677,"date":"2022-06-15T06:31:34","date_gmt":"2022-06-15T06:31:34","guid":{"rendered":"https:\/\/refactor-second-attempt.torseed.dev.greenparrot.pl\/produkt\/zlocien-maruna-bialy\/"},"modified":"2023-03-29T18:32:16","modified_gmt":"2023-03-29T18:32:16","slug":"zlocien-maruna-bialy","status":"publish","type":"product","link":"https:\/\/torseed.eu\/ru\/produkt\/zlocien-maruna-bialy\/","title":{"rendered":"Z\u0142ocie\u0144 maruna bia\u0142y"},"content":{"rendered":"<p>Ro\u015blina jednoroczna o zwartym pokroju, o pe\u0142nych prawie kulistych kwiatostanach barwy \u017c\u00f3\u0142tej i bia\u0142ej. Zastosowanie:na rabaty, obw\u00f3dki i na kwiat ci\u0119ty.<\/p>","protected":false},"excerpt":{"rendered":"<p>Ro\u015blina jednoroczna o zwartym pokroju, o pe\u0142nych prawie kulistych kwiatostanach barwy \u017c\u00f3\u0142tej i bia\u0142ej. Zastosowanie:na rabaty, obw\u00f3dki i na kwiat ci\u0119ty.<\/p>\n","protected":false},"featured_media":18979,"comment_status":"open","ping_status":"open","template":"","meta":{"inline_featured_image":false},"product_cat":[90,94],"product_tag":[],"acf":[],"featured_image":"https:\/\/torseed.eu\/app\/uploads\/2023\/03\/937.jpg","_links":{"self":[{"href":"https:\/\/torseed.eu\/ru\/wp-json\/wp\/v2\/product\/30677"}],"collection":[{"href":"https:\/\/torseed.eu\/ru\/wp-json\/wp\/v2\/product"}],"about":[{"href":"https:\/\/torseed.eu\/ru\/wp-json\/wp\/v2\/types\/product"}],"replies":[{"embeddable":true,"href":"https:\/\/torseed.eu\/ru\/wp-json\/wp\/v2\/comments?post=30677"}],"version-history":[{"count":0,"href":"https:\/\/torseed.eu\/ru\/wp-json\/wp\/v2\/product\/30677\/revisions"}],"wp:featuredmedia":[{"embeddable":true,"href":"https:\/\/torseed.eu\/ru\/wp-json\/wp\/v2\/media\/18979"}],"wp:attachment":[{"href":"https:\/\/torseed.eu\/ru\/wp-json\/wp\/v2\/media?parent=30677"}],"wp:term":[{"taxonomy":"product_cat","embeddable":true,"href":"https:\/\/torseed.eu\/ru\/wp-json\/wp\/v2\/product_cat?post=30677"},{"taxonomy":"product_tag","embeddable":true,"href":"https:\/\/torseed.eu\/ru\/wp-json\/wp\/v2\/product_tag?post=30677"}],"curies":[{"name":"wp","href":"https:\/\/api.w.org\/{rel}","templated":true}]}}