{"id":30678,"date":"2022-06-15T06:31:33","date_gmt":"2022-06-15T06:31:33","guid":{"rendered":"https:\/\/refactor-second-attempt.torseed.dev.greenparrot.pl\/produkt\/zatrwian-suworowa-karminoworozowy-otarty\/"},"modified":"2023-03-29T18:32:17","modified_gmt":"2023-03-29T18:32:17","slug":"zatrwian-suworowa-karminoworozowy-otarty","status":"publish","type":"product","link":"https:\/\/torseed.eu\/ru\/produkt\/zatrwian-suworowa-karminoworozowy-otarty\/","title":{"rendered":"Zatrwian Suworowa karminowor\u00f3\u017cowy &#8211; otarty"},"content":{"rendered":"<p>Ro\u015blina jednoroczna o karminowych kwiatach, zebranych w d\u0142ugie k\u0142osy. Wymaga gleby przepuszczalnej zasobnej w wapno. Zastosowanie: do suchych bukiet\u00f3w, na kwiat ci\u0119ty.<\/p>","protected":false},"excerpt":{"rendered":"<p>Ro\u015blina jednoroczna o karminowych kwiatach, zebranych w d\u0142ugie k\u0142osy. Wymaga gleby przepuszczalnej zasobnej w wapno. Zastosowanie: do suchych bukiet\u00f3w, na kwiat ci\u0119ty.<\/p>\n","protected":false},"featured_media":18976,"comment_status":"open","ping_status":"open","template":"","meta":{"inline_featured_image":false},"product_cat":[90,94],"product_tag":[],"acf":[],"featured_image":"https:\/\/torseed.eu\/app\/uploads\/2023\/03\/1080.jpg","_links":{"self":[{"href":"https:\/\/torseed.eu\/ru\/wp-json\/wp\/v2\/product\/30678"}],"collection":[{"href":"https:\/\/torseed.eu\/ru\/wp-json\/wp\/v2\/product"}],"about":[{"href":"https:\/\/torseed.eu\/ru\/wp-json\/wp\/v2\/types\/product"}],"replies":[{"embeddable":true,"href":"https:\/\/torseed.eu\/ru\/wp-json\/wp\/v2\/comments?post=30678"}],"version-history":[{"count":0,"href":"https:\/\/torseed.eu\/ru\/wp-json\/wp\/v2\/product\/30678\/revisions"}],"wp:featuredmedia":[{"embeddable":true,"href":"https:\/\/torseed.eu\/ru\/wp-json\/wp\/v2\/media\/18976"}],"wp:attachment":[{"href":"https:\/\/torseed.eu\/ru\/wp-json\/wp\/v2\/media?parent=30678"}],"wp:term":[{"taxonomy":"product_cat","embeddable":true,"href":"https:\/\/torseed.eu\/ru\/wp-json\/wp\/v2\/product_cat?post=30678"},{"taxonomy":"product_tag","embeddable":true,"href":"https:\/\/torseed.eu\/ru\/wp-json\/wp\/v2\/product_tag?post=30678"}],"curies":[{"name":"wp","href":"https:\/\/api.w.org\/{rel}","templated":true}]}}