{"id":30682,"date":"2022-06-15T06:31:30","date_gmt":"2022-06-15T06:31:30","guid":{"rendered":"https:\/\/refactor-second-attempt.torseed.dev.greenparrot.pl\/produkt\/wiecznik-mieszanka\/"},"modified":"2023-03-29T18:32:33","modified_gmt":"2023-03-29T18:32:33","slug":"wiecznik-mieszanka","status":"publish","type":"product","link":"https:\/\/torseed.eu\/ru\/produkt\/wiecznik-mieszanka\/","title":{"rendered":"Wiecznik mieszanka"},"content":{"rendered":"<p>Ro\u015blina jednoroczna tworz\u0105ca r\u00f3\u017cnobarwne kuliste g\u0142\u00f3wki. Wymaga gleby \u017cyznej, pr\u00f3chniczej. Zastosowanie: na rabaty, obw\u00f3dki i do uprawy doniczkowej. Doskona\u0142a do zasuszania.<\/p>","protected":false},"excerpt":{"rendered":"<p>Ro\u015blina jednoroczna tworz\u0105ca r\u00f3\u017cnobarwne kuliste g\u0142\u00f3wki. Wymaga gleby \u017cyznej, pr\u00f3chniczej. Zastosowanie: na rabaty, obw\u00f3dki i do uprawy doniczkowej. Doskona\u0142a do zasuszania.<\/p>\n","protected":false},"featured_media":18964,"comment_status":"open","ping_status":"open","template":"","meta":{"inline_featured_image":false},"product_cat":[94,90],"product_tag":[],"acf":[],"featured_image":"https:\/\/torseed.eu\/app\/uploads\/2023\/03\/1070.jpg","_links":{"self":[{"href":"https:\/\/torseed.eu\/ru\/wp-json\/wp\/v2\/product\/30682"}],"collection":[{"href":"https:\/\/torseed.eu\/ru\/wp-json\/wp\/v2\/product"}],"about":[{"href":"https:\/\/torseed.eu\/ru\/wp-json\/wp\/v2\/types\/product"}],"replies":[{"embeddable":true,"href":"https:\/\/torseed.eu\/ru\/wp-json\/wp\/v2\/comments?post=30682"}],"version-history":[{"count":0,"href":"https:\/\/torseed.eu\/ru\/wp-json\/wp\/v2\/product\/30682\/revisions"}],"wp:featuredmedia":[{"embeddable":true,"href":"https:\/\/torseed.eu\/ru\/wp-json\/wp\/v2\/media\/18964"}],"wp:attachment":[{"href":"https:\/\/torseed.eu\/ru\/wp-json\/wp\/v2\/media?parent=30682"}],"wp:term":[{"taxonomy":"product_cat","embeddable":true,"href":"https:\/\/torseed.eu\/ru\/wp-json\/wp\/v2\/product_cat?post=30682"},{"taxonomy":"product_tag","embeddable":true,"href":"https:\/\/torseed.eu\/ru\/wp-json\/wp\/v2\/product_tag?post=30682"}],"curies":[{"name":"wp","href":"https:\/\/api.w.org\/{rel}","templated":true}]}}