{"id":30690,"date":"2022-06-15T06:31:18","date_gmt":"2022-06-15T06:31:18","guid":{"rendered":"https:\/\/refactor-second-attempt.torseed.dev.greenparrot.pl\/produkt\/tyton-ozdobny-mieszanka\/"},"modified":"2023-03-29T18:32:41","modified_gmt":"2023-03-29T18:32:41","slug":"tyton-ozdobny-mieszanka","status":"publish","type":"product","link":"https:\/\/torseed.eu\/ru\/produkt\/tyton-ozdobny-mieszanka\/","title":{"rendered":"Tyto\u0144 ozdobny mieszanka"},"content":{"rendered":"<p>Ro\u015blina jednoroczna o silnie pachn\u0105cych kwiatach w szerokiej gamie barw. Wymaga gleby \u017cyznej, pr\u00f3chniczej. Zastosowanie: na wysokie rabaty i na kwiaty ci\u0119te.<\/p>","protected":false},"excerpt":{"rendered":"<p>Ro\u015blina jednoroczna o silnie pachn\u0105cych kwiatach w szerokiej gamie barw. Wymaga gleby \u017cyznej, pr\u00f3chniczej. Zastosowanie: na wysokie rabaty i na kwiaty ci\u0119te.<\/p>\n","protected":false},"featured_media":18937,"comment_status":"open","ping_status":"open","template":"","meta":{"inline_featured_image":false},"product_cat":[90,94],"product_tag":[],"acf":[],"featured_image":"https:\/\/torseed.eu\/app\/uploads\/2023\/03\/1054.jpg","_links":{"self":[{"href":"https:\/\/torseed.eu\/ru\/wp-json\/wp\/v2\/product\/30690"}],"collection":[{"href":"https:\/\/torseed.eu\/ru\/wp-json\/wp\/v2\/product"}],"about":[{"href":"https:\/\/torseed.eu\/ru\/wp-json\/wp\/v2\/types\/product"}],"replies":[{"embeddable":true,"href":"https:\/\/torseed.eu\/ru\/wp-json\/wp\/v2\/comments?post=30690"}],"version-history":[{"count":0,"href":"https:\/\/torseed.eu\/ru\/wp-json\/wp\/v2\/product\/30690\/revisions"}],"wp:featuredmedia":[{"embeddable":true,"href":"https:\/\/torseed.eu\/ru\/wp-json\/wp\/v2\/media\/18937"}],"wp:attachment":[{"href":"https:\/\/torseed.eu\/ru\/wp-json\/wp\/v2\/media?parent=30690"}],"wp:term":[{"taxonomy":"product_cat","embeddable":true,"href":"https:\/\/torseed.eu\/ru\/wp-json\/wp\/v2\/product_cat?post=30690"},{"taxonomy":"product_tag","embeddable":true,"href":"https:\/\/torseed.eu\/ru\/wp-json\/wp\/v2\/product_tag?post=30690"}],"curies":[{"name":"wp","href":"https:\/\/api.w.org\/{rel}","templated":true}]}}