{"id":30691,"date":"2022-06-15T06:31:18","date_gmt":"2022-06-15T06:31:18","guid":{"rendered":"https:\/\/refactor-second-attempt.torseed.dev.greenparrot.pl\/produkt\/ubiorek-bialy\/"},"modified":"2023-03-29T18:32:42","modified_gmt":"2023-03-29T18:32:42","slug":"ubiorek-bialy","status":"publish","type":"product","link":"https:\/\/torseed.eu\/ru\/produkt\/ubiorek-bialy\/","title":{"rendered":"Ubiorek bia\u0142y"},"content":{"rendered":"<p>Bylina o bia\u0142ych kwiatach, zebranych w baldachowate grona. Wymaga gleby \u017cyznej, lekkiej. Zastosowanie: do ogr\u00f3dk\u00f3w skalnych.<\/p>","protected":false},"excerpt":{"rendered":"<p>Bylina o bia\u0142ych kwiatach, zebranych w baldachowate grona. Wymaga gleby \u017cyznej, lekkiej. Zastosowanie: do ogr\u00f3dk\u00f3w skalnych.<\/p>\n","protected":false},"featured_media":28937,"comment_status":"open","ping_status":"closed","template":"","meta":{"inline_featured_image":false},"product_cat":[90,94],"product_tag":[],"acf":[],"featured_image":"https:\/\/torseed.eu\/app\/uploads\/2023\/03\/1056.jpg","_links":{"self":[{"href":"https:\/\/torseed.eu\/ru\/wp-json\/wp\/v2\/product\/30691"}],"collection":[{"href":"https:\/\/torseed.eu\/ru\/wp-json\/wp\/v2\/product"}],"about":[{"href":"https:\/\/torseed.eu\/ru\/wp-json\/wp\/v2\/types\/product"}],"replies":[{"embeddable":true,"href":"https:\/\/torseed.eu\/ru\/wp-json\/wp\/v2\/comments?post=30691"}],"version-history":[{"count":0,"href":"https:\/\/torseed.eu\/ru\/wp-json\/wp\/v2\/product\/30691\/revisions"}],"wp:featuredmedia":[{"embeddable":true,"href":"https:\/\/torseed.eu\/ru\/wp-json\/wp\/v2\/media\/28937"}],"wp:attachment":[{"href":"https:\/\/torseed.eu\/ru\/wp-json\/wp\/v2\/media?parent=30691"}],"wp:term":[{"taxonomy":"product_cat","embeddable":true,"href":"https:\/\/torseed.eu\/ru\/wp-json\/wp\/v2\/product_cat?post=30691"},{"taxonomy":"product_tag","embeddable":true,"href":"https:\/\/torseed.eu\/ru\/wp-json\/wp\/v2\/product_tag?post=30691"}],"curies":[{"name":"wp","href":"https:\/\/api.w.org\/{rel}","templated":true}]}}