{"id":30693,"date":"2022-06-15T06:31:15","date_gmt":"2022-06-15T06:31:15","guid":{"rendered":"https:\/\/refactor-second-attempt.torseed.dev.greenparrot.pl\/produkt\/trawy-ozdobne-mieszanka\/"},"modified":"2023-03-29T18:32:44","modified_gmt":"2023-03-29T18:32:44","slug":"trawy-ozdobne-mieszanka","status":"publish","type":"product","link":"https:\/\/torseed.eu\/ru\/produkt\/trawy-ozdobne-mieszanka\/","title":{"rendered":"Trawy ozdobne mieszanka"},"content":{"rendered":"<p>Mieszanka traw jednorocznych. Zbyt g\u0119ste wschody przerwa\u0107, pozostawiaj\u0105c ro\u015bliny w odst\u0119pach 10 &#8211; 20 cm. Zastosowanie: do suchych i \u015bwie\u017cych bukiet\u00f3w, na rabaty, obw\u00f3dki. asd<\/p>","protected":false},"excerpt":{"rendered":"<p>Mieszanka traw jednorocznych. Zbyt g\u0119ste wschody przerwa\u0107, pozostawiaj\u0105c ro\u015bliny w odst\u0119pach 10 &#8211; 20 cm. Zastosowanie: do suchych i \u015bwie\u017cych bukiet\u00f3w, na rabaty, obw\u00f3dki. asd<\/p>\n","protected":false},"featured_media":18928,"comment_status":"open","ping_status":"open","template":"","meta":{"inline_featured_image":false},"product_cat":[90,94,98],"product_tag":[],"acf":[],"featured_image":"https:\/\/torseed.eu\/app\/uploads\/2023\/03\/1048.jpg","_links":{"self":[{"href":"https:\/\/torseed.eu\/ru\/wp-json\/wp\/v2\/product\/30693"}],"collection":[{"href":"https:\/\/torseed.eu\/ru\/wp-json\/wp\/v2\/product"}],"about":[{"href":"https:\/\/torseed.eu\/ru\/wp-json\/wp\/v2\/types\/product"}],"replies":[{"embeddable":true,"href":"https:\/\/torseed.eu\/ru\/wp-json\/wp\/v2\/comments?post=30693"}],"version-history":[{"count":0,"href":"https:\/\/torseed.eu\/ru\/wp-json\/wp\/v2\/product\/30693\/revisions"}],"wp:featuredmedia":[{"embeddable":true,"href":"https:\/\/torseed.eu\/ru\/wp-json\/wp\/v2\/media\/18928"}],"wp:attachment":[{"href":"https:\/\/torseed.eu\/ru\/wp-json\/wp\/v2\/media?parent=30693"}],"wp:term":[{"taxonomy":"product_cat","embeddable":true,"href":"https:\/\/torseed.eu\/ru\/wp-json\/wp\/v2\/product_cat?post=30693"},{"taxonomy":"product_tag","embeddable":true,"href":"https:\/\/torseed.eu\/ru\/wp-json\/wp\/v2\/product_tag?post=30693"}],"curies":[{"name":"wp","href":"https:\/\/api.w.org\/{rel}","templated":true}]}}