{"id":30697,"date":"2022-06-15T06:31:07","date_gmt":"2022-06-15T06:31:07","guid":{"rendered":"https:\/\/refactor-second-attempt.torseed.dev.greenparrot.pl\/produkt\/slazowka-ogrodowa-biala\/"},"modified":"2023-03-29T18:32:47","modified_gmt":"2023-03-29T18:32:47","slug":"slazowka-ogrodowa-biala","status":"publish","type":"product","link":"https:\/\/torseed.eu\/ru\/produkt\/slazowka-ogrodowa-biala\/","title":{"rendered":"\u015alaz\u00f3wka ogrodowa bia\u0142a"},"content":{"rendered":"<p>Ro\u015blina jednoroczna o bia\u0142ych kielichowatych kwiatach. Posiada bardzo ma\u0142e wymagania glebowe. Zastosowanie: wysokie rabaty, grupy ogrodowe, na kwiaty ci\u0119te.<\/p>","protected":false},"excerpt":{"rendered":"<p>Ro\u015blina jednoroczna o bia\u0142ych kielichowatych kwiatach. Posiada bardzo ma\u0142e wymagania glebowe. Zastosowanie: wysokie rabaty, grupy ogrodowe, na kwiaty ci\u0119te.<\/p>\n","protected":false},"featured_media":18916,"comment_status":"open","ping_status":"open","template":"","meta":{"inline_featured_image":false},"product_cat":[94,90],"product_tag":[],"acf":[],"featured_image":"https:\/\/torseed.eu\/app\/uploads\/2023\/03\/1040.jpg","_links":{"self":[{"href":"https:\/\/torseed.eu\/ru\/wp-json\/wp\/v2\/product\/30697"}],"collection":[{"href":"https:\/\/torseed.eu\/ru\/wp-json\/wp\/v2\/product"}],"about":[{"href":"https:\/\/torseed.eu\/ru\/wp-json\/wp\/v2\/types\/product"}],"replies":[{"embeddable":true,"href":"https:\/\/torseed.eu\/ru\/wp-json\/wp\/v2\/comments?post=30697"}],"version-history":[{"count":0,"href":"https:\/\/torseed.eu\/ru\/wp-json\/wp\/v2\/product\/30697\/revisions"}],"wp:featuredmedia":[{"embeddable":true,"href":"https:\/\/torseed.eu\/ru\/wp-json\/wp\/v2\/media\/18916"}],"wp:attachment":[{"href":"https:\/\/torseed.eu\/ru\/wp-json\/wp\/v2\/media?parent=30697"}],"wp:term":[{"taxonomy":"product_cat","embeddable":true,"href":"https:\/\/torseed.eu\/ru\/wp-json\/wp\/v2\/product_cat?post=30697"},{"taxonomy":"product_tag","embeddable":true,"href":"https:\/\/torseed.eu\/ru\/wp-json\/wp\/v2\/product_tag?post=30697"}],"curies":[{"name":"wp","href":"https:\/\/api.w.org\/{rel}","templated":true}]}}