{"id":30704,"date":"2022-06-15T06:31:01","date_gmt":"2022-06-15T06:31:01","guid":{"rendered":"https:\/\/refactor-second-attempt.torseed.dev.greenparrot.pl\/produkt\/szalwia-blyszczaca-odcienie-czerwieni\/"},"modified":"2023-03-29T18:33:07","modified_gmt":"2023-03-29T18:33:07","slug":"szalwia-blyszczaca-odcienie-czerwieni","status":"publish","type":"product","link":"https:\/\/torseed.eu\/ru\/produkt\/szalwia-blyszczaca-odcienie-czerwieni\/","title":{"rendered":"Sza\u0142wia b\u0142yszcz\u0105ca odcienie czerwieni"},"content":{"rendered":"<p>Ro\u015blina jednoroczna o oryginalnych kwiatach, zebranych w d\u0142ugie kwiatostany. Wymaga gleby \u017cyznej, przepuszczalnej. Zastosowanie: na rabaty, obw\u00f3dki, do doniczek.<\/p>","protected":false},"excerpt":{"rendered":"<p>Ro\u015blina jednoroczna o oryginalnych kwiatach, zebranych w d\u0142ugie kwiatostany. Wymaga gleby \u017cyznej, przepuszczalnej. Zastosowanie: na rabaty, obw\u00f3dki, do doniczek.<\/p>\n","protected":false},"featured_media":18898,"comment_status":"open","ping_status":"open","template":"","meta":{"inline_featured_image":false},"product_cat":[90,94],"product_tag":[],"acf":[],"featured_image":"https:\/\/torseed.eu\/app\/uploads\/2023\/03\/1028.jpg","_links":{"self":[{"href":"https:\/\/torseed.eu\/ru\/wp-json\/wp\/v2\/product\/30704"}],"collection":[{"href":"https:\/\/torseed.eu\/ru\/wp-json\/wp\/v2\/product"}],"about":[{"href":"https:\/\/torseed.eu\/ru\/wp-json\/wp\/v2\/types\/product"}],"replies":[{"embeddable":true,"href":"https:\/\/torseed.eu\/ru\/wp-json\/wp\/v2\/comments?post=30704"}],"version-history":[{"count":0,"href":"https:\/\/torseed.eu\/ru\/wp-json\/wp\/v2\/product\/30704\/revisions"}],"wp:featuredmedia":[{"embeddable":true,"href":"https:\/\/torseed.eu\/ru\/wp-json\/wp\/v2\/media\/18898"}],"wp:attachment":[{"href":"https:\/\/torseed.eu\/ru\/wp-json\/wp\/v2\/media?parent=30704"}],"wp:term":[{"taxonomy":"product_cat","embeddable":true,"href":"https:\/\/torseed.eu\/ru\/wp-json\/wp\/v2\/product_cat?post=30704"},{"taxonomy":"product_tag","embeddable":true,"href":"https:\/\/torseed.eu\/ru\/wp-json\/wp\/v2\/product_tag?post=30704"}],"curies":[{"name":"wp","href":"https:\/\/api.w.org\/{rel}","templated":true}]}}