{"id":30706,"date":"2022-06-15T06:30:59","date_gmt":"2022-06-15T06:30:59","guid":{"rendered":"https:\/\/refactor-second-attempt.torseed.dev.greenparrot.pl\/produkt\/sucholuska-mieszanka\/"},"modified":"2023-03-29T18:33:08","modified_gmt":"2023-03-29T18:33:08","slug":"sucholuska-mieszanka","status":"publish","type":"product","link":"https:\/\/torseed.eu\/ru\/produkt\/sucholuska-mieszanka\/","title":{"rendered":"Sucho\u0142uska mieszanka"},"content":{"rendered":"<p>Ro\u015blina jednoroczna o pe\u0142nych lub p\u00f3\u0142pe\u0142nych kwiatach. Wymaga gleby lekkiej, pr\u00f3chnicznej. Zastosowanie: do suchych bukiet\u00f3w, na rabaty.<\/p>","protected":false},"excerpt":{"rendered":"<p>Ro\u015blina jednoroczna o pe\u0142nych lub p\u00f3\u0142pe\u0142nych kwiatach. Wymaga gleby lekkiej, pr\u00f3chnicznej. Zastosowanie: do suchych bukiet\u00f3w, na rabaty.<\/p>\n","protected":false},"featured_media":18892,"comment_status":"open","ping_status":"open","template":"","meta":{"inline_featured_image":false},"product_cat":[90,94],"product_tag":[],"acf":[],"featured_image":"https:\/\/torseed.eu\/app\/uploads\/2023\/03\/1024.jpg","_links":{"self":[{"href":"https:\/\/torseed.eu\/ru\/wp-json\/wp\/v2\/product\/30706"}],"collection":[{"href":"https:\/\/torseed.eu\/ru\/wp-json\/wp\/v2\/product"}],"about":[{"href":"https:\/\/torseed.eu\/ru\/wp-json\/wp\/v2\/types\/product"}],"replies":[{"embeddable":true,"href":"https:\/\/torseed.eu\/ru\/wp-json\/wp\/v2\/comments?post=30706"}],"version-history":[{"count":0,"href":"https:\/\/torseed.eu\/ru\/wp-json\/wp\/v2\/product\/30706\/revisions"}],"wp:featuredmedia":[{"embeddable":true,"href":"https:\/\/torseed.eu\/ru\/wp-json\/wp\/v2\/media\/18892"}],"wp:attachment":[{"href":"https:\/\/torseed.eu\/ru\/wp-json\/wp\/v2\/media?parent=30706"}],"wp:term":[{"taxonomy":"product_cat","embeddable":true,"href":"https:\/\/torseed.eu\/ru\/wp-json\/wp\/v2\/product_cat?post=30706"},{"taxonomy":"product_tag","embeddable":true,"href":"https:\/\/torseed.eu\/ru\/wp-json\/wp\/v2\/product_tag?post=30706"}],"curies":[{"name":"wp","href":"https:\/\/api.w.org\/{rel}","templated":true}]}}