{"id":30715,"date":"2022-06-15T06:30:47","date_gmt":"2022-06-15T06:30:47","guid":{"rendered":"https:\/\/refactor-second-attempt.torseed.dev.greenparrot.pl\/produkt\/sanwitalia-zolta-z-czarnym-oczkiem\/"},"modified":"2023-03-29T18:33:15","modified_gmt":"2023-03-29T18:33:15","slug":"sanwitalia-zolta-z-czarnym-oczkiem","status":"publish","type":"product","link":"https:\/\/torseed.eu\/ru\/produkt\/sanwitalia-zolta-z-czarnym-oczkiem\/","title":{"rendered":"Sanwitalia \u017c\u00f3\u0142ta z czarnym oczkiem"},"content":{"rendered":"<p>Ro\u015blina jednoroczna, przypominaj\u0105ca ma\u0142e s\u0142oneczniki. Wymaga gleby lekkiej, piaszczystej. Zastosowanie: na skalniaki, obw\u00f3dki i balkony.<\/p>","protected":false},"excerpt":{"rendered":"<p>Ro\u015blina jednoroczna, przypominaj\u0105ca ma\u0142e s\u0142oneczniki. Wymaga gleby lekkiej, piaszczystej. Zastosowanie: na skalniaki, obw\u00f3dki i balkony.<\/p>\n","protected":false},"featured_media":18865,"comment_status":"open","ping_status":"open","template":"","meta":{"inline_featured_image":false},"product_cat":[90,94],"product_tag":[],"acf":[],"featured_image":"https:\/\/torseed.eu\/app\/uploads\/2023\/03\/1011.jpg","_links":{"self":[{"href":"https:\/\/torseed.eu\/ru\/wp-json\/wp\/v2\/product\/30715"}],"collection":[{"href":"https:\/\/torseed.eu\/ru\/wp-json\/wp\/v2\/product"}],"about":[{"href":"https:\/\/torseed.eu\/ru\/wp-json\/wp\/v2\/types\/product"}],"replies":[{"embeddable":true,"href":"https:\/\/torseed.eu\/ru\/wp-json\/wp\/v2\/comments?post=30715"}],"version-history":[{"count":0,"href":"https:\/\/torseed.eu\/ru\/wp-json\/wp\/v2\/product\/30715\/revisions"}],"wp:featuredmedia":[{"embeddable":true,"href":"https:\/\/torseed.eu\/ru\/wp-json\/wp\/v2\/media\/18865"}],"wp:attachment":[{"href":"https:\/\/torseed.eu\/ru\/wp-json\/wp\/v2\/media?parent=30715"}],"wp:term":[{"taxonomy":"product_cat","embeddable":true,"href":"https:\/\/torseed.eu\/ru\/wp-json\/wp\/v2\/product_cat?post=30715"},{"taxonomy":"product_tag","embeddable":true,"href":"https:\/\/torseed.eu\/ru\/wp-json\/wp\/v2\/product_tag?post=30715"}],"curies":[{"name":"wp","href":"https:\/\/api.w.org\/{rel}","templated":true}]}}