{"id":30722,"date":"2022-06-15T06:30:36","date_gmt":"2022-06-15T06:30:36","guid":{"rendered":"https:\/\/refactor-second-attempt.torseed.dev.greenparrot.pl\/produkt\/powoj-trojbarwny-mieszanka\/"},"modified":"2023-03-29T18:33:35","modified_gmt":"2023-03-29T18:33:35","slug":"powoj-trojbarwny-mieszanka","status":"publish","type":"product","link":"https:\/\/torseed.eu\/ru\/produkt\/powoj-trojbarwny-mieszanka\/","title":{"rendered":"Pow\u00f3j tr\u00f3jbarwny mieszanka"},"content":{"rendered":"<p>Ro\u015blina jednoroczna o du\u017cych, lejkowatych kwiatach. Wymaga gleby gliniastej z zawarto\u015bci\u0105 wapnia. Zastosowanie: na rabaty, obw\u00f3dki.<\/p>","protected":false},"excerpt":{"rendered":"<p>Ro\u015blina jednoroczna o du\u017cych, lejkowatych kwiatach. Wymaga gleby gliniastej z zawarto\u015bci\u0105 wapnia. Zastosowanie: na rabaty, obw\u00f3dki.<\/p>\n","protected":false},"featured_media":18844,"comment_status":"open","ping_status":"open","template":"","meta":{"inline_featured_image":false},"product_cat":[90,94],"product_tag":[],"acf":[],"featured_image":"https:\/\/torseed.eu\/app\/uploads\/2023\/03\/999.jpg","_links":{"self":[{"href":"https:\/\/torseed.eu\/ru\/wp-json\/wp\/v2\/product\/30722"}],"collection":[{"href":"https:\/\/torseed.eu\/ru\/wp-json\/wp\/v2\/product"}],"about":[{"href":"https:\/\/torseed.eu\/ru\/wp-json\/wp\/v2\/types\/product"}],"replies":[{"embeddable":true,"href":"https:\/\/torseed.eu\/ru\/wp-json\/wp\/v2\/comments?post=30722"}],"version-history":[{"count":0,"href":"https:\/\/torseed.eu\/ru\/wp-json\/wp\/v2\/product\/30722\/revisions"}],"wp:featuredmedia":[{"embeddable":true,"href":"https:\/\/torseed.eu\/ru\/wp-json\/wp\/v2\/media\/18844"}],"wp:attachment":[{"href":"https:\/\/torseed.eu\/ru\/wp-json\/wp\/v2\/media?parent=30722"}],"wp:term":[{"taxonomy":"product_cat","embeddable":true,"href":"https:\/\/torseed.eu\/ru\/wp-json\/wp\/v2\/product_cat?post=30722"},{"taxonomy":"product_tag","embeddable":true,"href":"https:\/\/torseed.eu\/ru\/wp-json\/wp\/v2\/product_tag?post=30722"}],"curies":[{"name":"wp","href":"https:\/\/api.w.org\/{rel}","templated":true}]}}