{"id":30731,"date":"2022-06-15T06:30:23","date_gmt":"2022-06-15T06:30:23","guid":{"rendered":"https:\/\/refactor-second-attempt.torseed.dev.greenparrot.pl\/produkt\/nemezja-mieszanka\/"},"modified":"2023-03-29T18:33:42","modified_gmt":"2023-03-29T18:33:42","slug":"nemezja-mieszanka","status":"publish","type":"product","link":"https:\/\/torseed.eu\/ru\/produkt\/nemezja-mieszanka\/","title":{"rendered":"Nemezja mieszanka"},"content":{"rendered":"<p>Ro\u015blina jednoroczna o r\u00f3\u017cnobarwnych kwiatach. Wymaga gleby \u017cyznej. Zastosowanie: na rabaty, balkony i na kwiat ci\u0119ty do wi\u0105zanek koktajlowych. Przyci\u0119ta w momencie wi\u0105zania nasion bardzo szybko odrasta i zakwita na nowo.<\/p>","protected":false},"excerpt":{"rendered":"<p>Ro\u015blina jednoroczna o r\u00f3\u017cnobarwnych kwiatach. Wymaga gleby \u017cyznej. Zastosowanie: na rabaty, balkony i na kwiat ci\u0119ty do wi\u0105zanek koktajlowych. Przyci\u0119ta w momencie wi\u0105zania nasion bardzo szybko odrasta i zakwita na nowo.<\/p>\n","protected":false},"featured_media":18816,"comment_status":"open","ping_status":"open","template":"","meta":{"inline_featured_image":false},"product_cat":[90,94],"product_tag":[],"acf":[],"featured_image":"https:\/\/torseed.eu\/app\/uploads\/2023\/03\/974.jpg","_links":{"self":[{"href":"https:\/\/torseed.eu\/ru\/wp-json\/wp\/v2\/product\/30731"}],"collection":[{"href":"https:\/\/torseed.eu\/ru\/wp-json\/wp\/v2\/product"}],"about":[{"href":"https:\/\/torseed.eu\/ru\/wp-json\/wp\/v2\/types\/product"}],"replies":[{"embeddable":true,"href":"https:\/\/torseed.eu\/ru\/wp-json\/wp\/v2\/comments?post=30731"}],"version-history":[{"count":0,"href":"https:\/\/torseed.eu\/ru\/wp-json\/wp\/v2\/product\/30731\/revisions"}],"wp:featuredmedia":[{"embeddable":true,"href":"https:\/\/torseed.eu\/ru\/wp-json\/wp\/v2\/media\/18816"}],"wp:attachment":[{"href":"https:\/\/torseed.eu\/ru\/wp-json\/wp\/v2\/media?parent=30731"}],"wp:term":[{"taxonomy":"product_cat","embeddable":true,"href":"https:\/\/torseed.eu\/ru\/wp-json\/wp\/v2\/product_cat?post=30731"},{"taxonomy":"product_tag","embeddable":true,"href":"https:\/\/torseed.eu\/ru\/wp-json\/wp\/v2\/product_tag?post=30731"}],"curies":[{"name":"wp","href":"https:\/\/api.w.org\/{rel}","templated":true}]}}