{"id":30732,"date":"2022-06-15T06:30:23","date_gmt":"2022-06-15T06:30:23","guid":{"rendered":"https:\/\/refactor-second-attempt.torseed.dev.greenparrot.pl\/produkt\/niecierpek-waleriana-mieszanka-niska\/"},"modified":"2023-03-29T18:33:43","modified_gmt":"2023-03-29T18:33:43","slug":"niecierpek-waleriana-mieszanka-niska","status":"publish","type":"product","link":"https:\/\/torseed.eu\/ru\/produkt\/niecierpek-waleriana-mieszanka-niska\/","title":{"rendered":"Niecierpek Waleriana mieszanka &#8211; niska"},"content":{"rendered":"<p>Ro\u015blina jednoroczna, obficie kwitn\u0105ca, o pi\u0119knych pastelowych kwiatach. Wymaga gleby \u017cyznej, pr\u00f3chnicznej. Zastosowanie: na rabaty, balkony.<\/p>","protected":false},"excerpt":{"rendered":"<p>Ro\u015blina jednoroczna, obficie kwitn\u0105ca, o pi\u0119knych pastelowych kwiatach. Wymaga gleby \u017cyznej, pr\u00f3chnicznej. Zastosowanie: na rabaty, balkony.<\/p>\n","protected":false},"featured_media":18819,"comment_status":"open","ping_status":"open","template":"","meta":{"inline_featured_image":false},"product_cat":[90,94],"product_tag":[],"acf":[],"featured_image":"https:\/\/torseed.eu\/app\/uploads\/2023\/03\/978.jpg","_links":{"self":[{"href":"https:\/\/torseed.eu\/ru\/wp-json\/wp\/v2\/product\/30732"}],"collection":[{"href":"https:\/\/torseed.eu\/ru\/wp-json\/wp\/v2\/product"}],"about":[{"href":"https:\/\/torseed.eu\/ru\/wp-json\/wp\/v2\/types\/product"}],"replies":[{"embeddable":true,"href":"https:\/\/torseed.eu\/ru\/wp-json\/wp\/v2\/comments?post=30732"}],"version-history":[{"count":0,"href":"https:\/\/torseed.eu\/ru\/wp-json\/wp\/v2\/product\/30732\/revisions"}],"wp:featuredmedia":[{"embeddable":true,"href":"https:\/\/torseed.eu\/ru\/wp-json\/wp\/v2\/media\/18819"}],"wp:attachment":[{"href":"https:\/\/torseed.eu\/ru\/wp-json\/wp\/v2\/media?parent=30732"}],"wp:term":[{"taxonomy":"product_cat","embeddable":true,"href":"https:\/\/torseed.eu\/ru\/wp-json\/wp\/v2\/product_cat?post=30732"},{"taxonomy":"product_tag","embeddable":true,"href":"https:\/\/torseed.eu\/ru\/wp-json\/wp\/v2\/product_tag?post=30732"}],"curies":[{"name":"wp","href":"https:\/\/api.w.org\/{rel}","templated":true}]}}