{"id":30735,"date":"2022-06-15T06:30:20","date_gmt":"2022-06-15T06:30:20","guid":{"rendered":"https:\/\/refactor-second-attempt.torseed.dev.greenparrot.pl\/produkt\/naparstnica-purpurowa-mieszanka\/"},"modified":"2023-03-29T18:33:46","modified_gmt":"2023-03-29T18:33:46","slug":"naparstnica-purpurowa-mieszanka","status":"publish","type":"product","link":"https:\/\/torseed.eu\/ru\/produkt\/naparstnica-purpurowa-mieszanka\/","title":{"rendered":"Naparstnica purpurowa mieszanka"},"content":{"rendered":"<p>Efektowna ro\u015blina o r\u00f3\u017cnobarwnych kwiatach z nakrapian\u0105 gardziel\u0105 zebranych w okaza\u0142e k\u0142osy. Wymaga gleby zasobnej, pr\u00f3chnicznej. Zastosowanie: wysokie rabaty, kwiat ci\u0119ty.<\/p>","protected":false},"excerpt":{"rendered":"<p>Efektowna ro\u015blina o r\u00f3\u017cnobarwnych kwiatach z nakrapian\u0105 gardziel\u0105 zebranych w okaza\u0142e k\u0142osy. Wymaga gleby zasobnej, pr\u00f3chnicznej. Zastosowanie: wysokie rabaty, kwiat ci\u0119ty.<\/p>\n","protected":false},"featured_media":18804,"comment_status":"open","ping_status":"open","template":"","meta":{"inline_featured_image":false},"product_cat":[90,94],"product_tag":[],"acf":[],"featured_image":"https:\/\/torseed.eu\/app\/uploads\/2023\/03\/9089.jpg","_links":{"self":[{"href":"https:\/\/torseed.eu\/ru\/wp-json\/wp\/v2\/product\/30735"}],"collection":[{"href":"https:\/\/torseed.eu\/ru\/wp-json\/wp\/v2\/product"}],"about":[{"href":"https:\/\/torseed.eu\/ru\/wp-json\/wp\/v2\/types\/product"}],"replies":[{"embeddable":true,"href":"https:\/\/torseed.eu\/ru\/wp-json\/wp\/v2\/comments?post=30735"}],"version-history":[{"count":0,"href":"https:\/\/torseed.eu\/ru\/wp-json\/wp\/v2\/product\/30735\/revisions"}],"wp:featuredmedia":[{"embeddable":true,"href":"https:\/\/torseed.eu\/ru\/wp-json\/wp\/v2\/media\/18804"}],"wp:attachment":[{"href":"https:\/\/torseed.eu\/ru\/wp-json\/wp\/v2\/media?parent=30735"}],"wp:term":[{"taxonomy":"product_cat","embeddable":true,"href":"https:\/\/torseed.eu\/ru\/wp-json\/wp\/v2\/product_cat?post=30735"},{"taxonomy":"product_tag","embeddable":true,"href":"https:\/\/torseed.eu\/ru\/wp-json\/wp\/v2\/product_tag?post=30735"}],"curies":[{"name":"wp","href":"https:\/\/api.w.org\/{rel}","templated":true}]}}