{"id":30739,"date":"2022-06-15T06:30:12","date_gmt":"2022-06-15T06:30:12","guid":{"rendered":"https:\/\/refactor-second-attempt.torseed.dev.greenparrot.pl\/produkt\/nagietek-pomaranczowy\/"},"modified":"2023-03-29T18:33:49","modified_gmt":"2023-03-29T18:33:49","slug":"nagietek-pomaranczowy","status":"publish","type":"product","link":"https:\/\/torseed.eu\/ru\/produkt\/nagietek-pomaranczowy\/","title":{"rendered":"Nagietek pomara\u0144czowy"},"content":{"rendered":"<p>Ro\u015blina jednoroczna o kwiatach j\u0119zyczkowych i rurkowych barwy \u017c\u00f3\u0142tej lub pomara\u0144czowej. Udaje si\u0119 w ka\u017cdej ziemi ogrodowej, wymaga jednak du\u017co wilgoci. Zastosowanie: na kwiat ci\u0119ty, na rabaty.<\/p>","protected":false},"excerpt":{"rendered":"<p>Ro\u015blina jednoroczna o kwiatach j\u0119zyczkowych i rurkowych barwy \u017c\u00f3\u0142tej lub pomara\u0144czowej. Udaje si\u0119 w ka\u017cdej ziemi ogrodowej, wymaga jednak du\u017co wilgoci. Zastosowanie: na kwiat ci\u0119ty, na rabaty.<\/p>\n","protected":false},"featured_media":18795,"comment_status":"open","ping_status":"open","template":"","meta":{"inline_featured_image":false},"product_cat":[90,94],"product_tag":[],"acf":[],"featured_image":"https:\/\/torseed.eu\/app\/uploads\/2023\/03\/961.jpg","_links":{"self":[{"href":"https:\/\/torseed.eu\/ru\/wp-json\/wp\/v2\/product\/30739"}],"collection":[{"href":"https:\/\/torseed.eu\/ru\/wp-json\/wp\/v2\/product"}],"about":[{"href":"https:\/\/torseed.eu\/ru\/wp-json\/wp\/v2\/types\/product"}],"replies":[{"embeddable":true,"href":"https:\/\/torseed.eu\/ru\/wp-json\/wp\/v2\/comments?post=30739"}],"version-history":[{"count":0,"href":"https:\/\/torseed.eu\/ru\/wp-json\/wp\/v2\/product\/30739\/revisions"}],"wp:featuredmedia":[{"embeddable":true,"href":"https:\/\/torseed.eu\/ru\/wp-json\/wp\/v2\/media\/18795"}],"wp:attachment":[{"href":"https:\/\/torseed.eu\/ru\/wp-json\/wp\/v2\/media?parent=30739"}],"wp:term":[{"taxonomy":"product_cat","embeddable":true,"href":"https:\/\/torseed.eu\/ru\/wp-json\/wp\/v2\/product_cat?post=30739"},{"taxonomy":"product_tag","embeddable":true,"href":"https:\/\/torseed.eu\/ru\/wp-json\/wp\/v2\/product_tag?post=30739"}],"curies":[{"name":"wp","href":"https:\/\/api.w.org\/{rel}","templated":true}]}}