{"id":30740,"date":"2022-06-15T06:30:11","date_gmt":"2022-06-15T06:30:11","guid":{"rendered":"https:\/\/refactor-second-attempt.torseed.dev.greenparrot.pl\/produkt\/nachylek-dwubarwny-zolty-z-brazowym-srodkiem\/"},"modified":"2023-03-29T18:33:49","modified_gmt":"2023-03-29T18:33:49","slug":"nachylek-dwubarwny-zolty-z-brazowym-srodkiem","status":"publish","type":"product","link":"https:\/\/torseed.eu\/ru\/produkt\/nachylek-dwubarwny-zolty-z-brazowym-srodkiem\/","title":{"rendered":"Nachy\u0142ek dwubarwny \u017c\u00f3\u0142ty z br\u0105zowym \u015brodkiem"},"content":{"rendered":"<p>Ro\u015blina jednoroczna o \u017c\u00f3\u0142tobr\u0105zowych kwiatach. Udaje si\u0119 na ka\u017cdej glebie. Zastosowanie: na rabaty, na kwiat ci\u0119ty.<\/p>","protected":false},"excerpt":{"rendered":"<p>Ro\u015blina jednoroczna o \u017c\u00f3\u0142tobr\u0105zowych kwiatach. Udaje si\u0119 na ka\u017cdej glebie. Zastosowanie: na rabaty, na kwiat ci\u0119ty.<\/p>\n","protected":false},"featured_media":18789,"comment_status":"open","ping_status":"open","template":"","meta":{"inline_featured_image":false},"product_cat":[90,94],"product_tag":[],"acf":[],"featured_image":"https:\/\/torseed.eu\/app\/uploads\/2023\/03\/957.jpg","_links":{"self":[{"href":"https:\/\/torseed.eu\/ru\/wp-json\/wp\/v2\/product\/30740"}],"collection":[{"href":"https:\/\/torseed.eu\/ru\/wp-json\/wp\/v2\/product"}],"about":[{"href":"https:\/\/torseed.eu\/ru\/wp-json\/wp\/v2\/types\/product"}],"replies":[{"embeddable":true,"href":"https:\/\/torseed.eu\/ru\/wp-json\/wp\/v2\/comments?post=30740"}],"version-history":[{"count":0,"href":"https:\/\/torseed.eu\/ru\/wp-json\/wp\/v2\/product\/30740\/revisions"}],"wp:featuredmedia":[{"embeddable":true,"href":"https:\/\/torseed.eu\/ru\/wp-json\/wp\/v2\/media\/18789"}],"wp:attachment":[{"href":"https:\/\/torseed.eu\/ru\/wp-json\/wp\/v2\/media?parent=30740"}],"wp:term":[{"taxonomy":"product_cat","embeddable":true,"href":"https:\/\/torseed.eu\/ru\/wp-json\/wp\/v2\/product_cat?post=30740"},{"taxonomy":"product_tag","embeddable":true,"href":"https:\/\/torseed.eu\/ru\/wp-json\/wp\/v2\/product_tag?post=30740"}],"curies":[{"name":"wp","href":"https:\/\/api.w.org\/{rel}","templated":true}]}}