{"id":30741,"date":"2022-06-15T06:30:11","date_gmt":"2022-06-15T06:30:11","guid":{"rendered":"https:\/\/refactor-second-attempt.torseed.dev.greenparrot.pl\/produkt\/nachylek-niski-zloty-karzel-miodowozolty\/"},"modified":"2023-03-29T18:33:50","modified_gmt":"2023-03-29T18:33:50","slug":"nachylek-niski-zloty-karzel-miodowozolty","status":"publish","type":"product","link":"https:\/\/torseed.eu\/ru\/produkt\/nachylek-niski-zloty-karzel-miodowozolty\/","title":{"rendered":"Nachy\u0142ek niski Z\u0142oty Karze\u0142 miodowo\u017c\u00f3\u0142ty"},"content":{"rendered":"<p>Ro\u015blina jednoroczna o miodowo\u017c\u00f3\u0142tych kwiatach. Kwitnie d\u0142ugo i obficie. Udaje si\u0119 na ka\u017cdej glebie. Zastosowanie: na rabaty, kwietniki.<\/p>","protected":false},"excerpt":{"rendered":"<p>Ro\u015blina jednoroczna o miodowo\u017c\u00f3\u0142tych kwiatach. Kwitnie d\u0142ugo i obficie. Udaje si\u0119 na ka\u017cdej glebie. Zastosowanie: na rabaty, kwietniki.<\/p>\n","protected":false},"featured_media":18792,"comment_status":"open","ping_status":"open","template":"","meta":{"inline_featured_image":false},"product_cat":[90,94],"product_tag":[],"acf":[],"featured_image":"https:\/\/torseed.eu\/app\/uploads\/2023\/03\/959.jpg","_links":{"self":[{"href":"https:\/\/torseed.eu\/ru\/wp-json\/wp\/v2\/product\/30741"}],"collection":[{"href":"https:\/\/torseed.eu\/ru\/wp-json\/wp\/v2\/product"}],"about":[{"href":"https:\/\/torseed.eu\/ru\/wp-json\/wp\/v2\/types\/product"}],"replies":[{"embeddable":true,"href":"https:\/\/torseed.eu\/ru\/wp-json\/wp\/v2\/comments?post=30741"}],"version-history":[{"count":0,"href":"https:\/\/torseed.eu\/ru\/wp-json\/wp\/v2\/product\/30741\/revisions"}],"wp:featuredmedia":[{"embeddable":true,"href":"https:\/\/torseed.eu\/ru\/wp-json\/wp\/v2\/media\/18792"}],"wp:attachment":[{"href":"https:\/\/torseed.eu\/ru\/wp-json\/wp\/v2\/media?parent=30741"}],"wp:term":[{"taxonomy":"product_cat","embeddable":true,"href":"https:\/\/torseed.eu\/ru\/wp-json\/wp\/v2\/product_cat?post=30741"},{"taxonomy":"product_tag","embeddable":true,"href":"https:\/\/torseed.eu\/ru\/wp-json\/wp\/v2\/product_tag?post=30741"}],"curies":[{"name":"wp","href":"https:\/\/api.w.org\/{rel}","templated":true}]}}