{"id":30743,"date":"2022-06-15T06:30:09","date_gmt":"2022-06-15T06:30:09","guid":{"rendered":"https:\/\/refactor-second-attempt.torseed.dev.greenparrot.pl\/produkt\/motylek-mieszanka\/"},"modified":"2023-03-29T18:34:05","modified_gmt":"2023-03-29T18:34:05","slug":"motylek-mieszanka","status":"publish","type":"product","link":"https:\/\/torseed.eu\/ru\/produkt\/motylek-mieszanka\/","title":{"rendered":"Motylek mieszanka"},"content":{"rendered":"<p>Ro\u015blina jednoroczna o r\u00f3\u017cnobarwnych kwiatach. Wymaga gleby pr\u00f3chniczej, ciep\u0142ej, przepuszczalnej. Zastosowanie: na rabaty, obw\u00f3dki, na kwiat ci\u0119ty i do uprawy doniczkowej.<\/p>","protected":false},"excerpt":{"rendered":"<p>Ro\u015blina jednoroczna o r\u00f3\u017cnobarwnych kwiatach. Wymaga gleby pr\u00f3chniczej, ciep\u0142ej, przepuszczalnej. Zastosowanie: na rabaty, obw\u00f3dki, na kwiat ci\u0119ty i do uprawy doniczkowej.<\/p>\n","protected":false},"featured_media":18783,"comment_status":"open","ping_status":"open","template":"","meta":{"inline_featured_image":false},"product_cat":[90,94],"product_tag":[],"acf":[],"featured_image":"https:\/\/torseed.eu\/app\/uploads\/2023\/03\/953.jpg","_links":{"self":[{"href":"https:\/\/torseed.eu\/ru\/wp-json\/wp\/v2\/product\/30743"}],"collection":[{"href":"https:\/\/torseed.eu\/ru\/wp-json\/wp\/v2\/product"}],"about":[{"href":"https:\/\/torseed.eu\/ru\/wp-json\/wp\/v2\/types\/product"}],"replies":[{"embeddable":true,"href":"https:\/\/torseed.eu\/ru\/wp-json\/wp\/v2\/comments?post=30743"}],"version-history":[{"count":0,"href":"https:\/\/torseed.eu\/ru\/wp-json\/wp\/v2\/product\/30743\/revisions"}],"wp:featuredmedia":[{"embeddable":true,"href":"https:\/\/torseed.eu\/ru\/wp-json\/wp\/v2\/media\/18783"}],"wp:attachment":[{"href":"https:\/\/torseed.eu\/ru\/wp-json\/wp\/v2\/media?parent=30743"}],"wp:term":[{"taxonomy":"product_cat","embeddable":true,"href":"https:\/\/torseed.eu\/ru\/wp-json\/wp\/v2\/product_cat?post=30743"},{"taxonomy":"product_tag","embeddable":true,"href":"https:\/\/torseed.eu\/ru\/wp-json\/wp\/v2\/product_tag?post=30743"}],"curies":[{"name":"wp","href":"https:\/\/api.w.org\/{rel}","templated":true}]}}