{"id":30745,"date":"2022-06-15T06:30:07","date_gmt":"2022-06-15T06:30:07","guid":{"rendered":"https:\/\/refactor-second-attempt.torseed.dev.greenparrot.pl\/produkt\/mieszanka-kwiatow-letnich\/"},"modified":"2023-03-29T18:34:06","modified_gmt":"2023-03-29T18:34:06","slug":"mieszanka-kwiatow-letnich","status":"publish","type":"product","link":"https:\/\/torseed.eu\/ru\/produkt\/mieszanka-kwiatow-letnich\/","title":{"rendered":"Mieszanka kwiat\u00f3w letnich"},"content":{"rendered":"<p>Mieszanka jednorocznych r\u00f3\u017cnobarwnych kwiat\u00f3w, kwitn\u0105cych przez ca\u0142e lato. Zastosowanie: do tworzenia grup ogrodowych, na kwiat ci\u0119ty.<\/p>","protected":false},"excerpt":{"rendered":"<p>Mieszanka jednorocznych r\u00f3\u017cnobarwnych kwiat\u00f3w, kwitn\u0105cych przez ca\u0142e lato. Zastosowanie: do tworzenia grup ogrodowych, na kwiat ci\u0119ty.<\/p>\n","protected":false},"featured_media":18774,"comment_status":"open","ping_status":"open","template":"","meta":{"inline_featured_image":false},"product_cat":[90,94,98],"product_tag":[],"acf":[],"featured_image":"https:\/\/torseed.eu\/app\/uploads\/2023\/03\/943.jpg","_links":{"self":[{"href":"https:\/\/torseed.eu\/ru\/wp-json\/wp\/v2\/product\/30745"}],"collection":[{"href":"https:\/\/torseed.eu\/ru\/wp-json\/wp\/v2\/product"}],"about":[{"href":"https:\/\/torseed.eu\/ru\/wp-json\/wp\/v2\/types\/product"}],"replies":[{"embeddable":true,"href":"https:\/\/torseed.eu\/ru\/wp-json\/wp\/v2\/comments?post=30745"}],"version-history":[{"count":0,"href":"https:\/\/torseed.eu\/ru\/wp-json\/wp\/v2\/product\/30745\/revisions"}],"wp:featuredmedia":[{"embeddable":true,"href":"https:\/\/torseed.eu\/ru\/wp-json\/wp\/v2\/media\/18774"}],"wp:attachment":[{"href":"https:\/\/torseed.eu\/ru\/wp-json\/wp\/v2\/media?parent=30745"}],"wp:term":[{"taxonomy":"product_cat","embeddable":true,"href":"https:\/\/torseed.eu\/ru\/wp-json\/wp\/v2\/product_cat?post=30745"},{"taxonomy":"product_tag","embeddable":true,"href":"https:\/\/torseed.eu\/ru\/wp-json\/wp\/v2\/product_tag?post=30745"}],"curies":[{"name":"wp","href":"https:\/\/api.w.org\/{rel}","templated":true}]}}