{"id":30748,"date":"2022-06-15T06:29:59","date_gmt":"2022-06-15T06:29:59","guid":{"rendered":"https:\/\/refactor-second-attempt.torseed.dev.greenparrot.pl\/produkt\/malope-mieszanka\/"},"modified":"2023-03-29T18:34:08","modified_gmt":"2023-03-29T18:34:08","slug":"malope-mieszanka","status":"publish","type":"product","link":"https:\/\/torseed.eu\/ru\/produkt\/malope-mieszanka\/","title":{"rendered":"Malope mieszanka"},"content":{"rendered":"<p>Ro\u015blina jednoroczna o bujnym wzro\u015bcie i aksamitnych bia\u0142ych i r\u00f3\u017cowo-fioletowych kwiatach. Usuwanie wi\u0119dn\u0105cych kwiat\u00f3w przed\u0142u\u017ca kwitnienie. Zastosowanie: na kwiat ci\u0119ty i na rabaty.<\/p>","protected":false},"excerpt":{"rendered":"<p>Ro\u015blina jednoroczna o bujnym wzro\u015bcie i aksamitnych bia\u0142ych i r\u00f3\u017cowo-fioletowych kwiatach. Usuwanie wi\u0119dn\u0105cych kwiat\u00f3w przed\u0142u\u017ca kwitnienie. Zastosowanie: na kwiat ci\u0119ty i na rabaty.<\/p>\n","protected":false},"featured_media":18765,"comment_status":"open","ping_status":"open","template":"","meta":{"inline_featured_image":false},"product_cat":[90,94],"product_tag":[],"acf":[],"featured_image":"https:\/\/torseed.eu\/app\/uploads\/2023\/03\/933.jpg","_links":{"self":[{"href":"https:\/\/torseed.eu\/ru\/wp-json\/wp\/v2\/product\/30748"}],"collection":[{"href":"https:\/\/torseed.eu\/ru\/wp-json\/wp\/v2\/product"}],"about":[{"href":"https:\/\/torseed.eu\/ru\/wp-json\/wp\/v2\/types\/product"}],"replies":[{"embeddable":true,"href":"https:\/\/torseed.eu\/ru\/wp-json\/wp\/v2\/comments?post=30748"}],"version-history":[{"count":0,"href":"https:\/\/torseed.eu\/ru\/wp-json\/wp\/v2\/product\/30748\/revisions"}],"wp:featuredmedia":[{"embeddable":true,"href":"https:\/\/torseed.eu\/ru\/wp-json\/wp\/v2\/media\/18765"}],"wp:attachment":[{"href":"https:\/\/torseed.eu\/ru\/wp-json\/wp\/v2\/media?parent=30748"}],"wp:term":[{"taxonomy":"product_cat","embeddable":true,"href":"https:\/\/torseed.eu\/ru\/wp-json\/wp\/v2\/product_cat?post=30748"},{"taxonomy":"product_tag","embeddable":true,"href":"https:\/\/torseed.eu\/ru\/wp-json\/wp\/v2\/product_tag?post=30748"}],"curies":[{"name":"wp","href":"https:\/\/api.w.org\/{rel}","templated":true}]}}