{"id":30752,"date":"2022-06-15T06:29:56","date_gmt":"2022-06-15T06:29:56","guid":{"rendered":"https:\/\/refactor-second-attempt.torseed.dev.greenparrot.pl\/produkt\/lyszczec-wytworny-gipsowka-bialy\/"},"modified":"2023-03-29T18:34:12","modified_gmt":"2023-03-29T18:34:12","slug":"lyszczec-wytworny-gipsowka-bialy","status":"publish","type":"product","link":"https:\/\/torseed.eu\/ru\/produkt\/lyszczec-wytworny-gipsowka-bialy\/","title":{"rendered":"\u0141yszczec wytworny (Gips\u00f3wka) bia\u0142y"},"content":{"rendered":"<p>Ro\u015blina jednoroczna o drobnych pojedynczych kwiatach, zebranych w wiechowaty kwiatostan. Wymaga gleby suchej, wapiennej. Zastosowanie: na rabaty, do suchych bukiet\u00f3w.<\/p>","protected":false},"excerpt":{"rendered":"<p>Ro\u015blina jednoroczna o drobnych pojedynczych kwiatach, zebranych w wiechowaty kwiatostan. Wymaga gleby suchej, wapiennej. Zastosowanie: na rabaty, do suchych bukiet\u00f3w.<\/p>\n","protected":false},"featured_media":18753,"comment_status":"open","ping_status":"open","template":"","meta":{"inline_featured_image":false},"product_cat":[90,94],"product_tag":[],"acf":[],"featured_image":"https:\/\/torseed.eu\/app\/uploads\/2023\/03\/9466.jpg","_links":{"self":[{"href":"https:\/\/torseed.eu\/ru\/wp-json\/wp\/v2\/product\/30752"}],"collection":[{"href":"https:\/\/torseed.eu\/ru\/wp-json\/wp\/v2\/product"}],"about":[{"href":"https:\/\/torseed.eu\/ru\/wp-json\/wp\/v2\/types\/product"}],"replies":[{"embeddable":true,"href":"https:\/\/torseed.eu\/ru\/wp-json\/wp\/v2\/comments?post=30752"}],"version-history":[{"count":0,"href":"https:\/\/torseed.eu\/ru\/wp-json\/wp\/v2\/product\/30752\/revisions"}],"wp:featuredmedia":[{"embeddable":true,"href":"https:\/\/torseed.eu\/ru\/wp-json\/wp\/v2\/media\/18753"}],"wp:attachment":[{"href":"https:\/\/torseed.eu\/ru\/wp-json\/wp\/v2\/media?parent=30752"}],"wp:term":[{"taxonomy":"product_cat","embeddable":true,"href":"https:\/\/torseed.eu\/ru\/wp-json\/wp\/v2\/product_cat?post=30752"},{"taxonomy":"product_tag","embeddable":true,"href":"https:\/\/torseed.eu\/ru\/wp-json\/wp\/v2\/product_tag?post=30752"}],"curies":[{"name":"wp","href":"https:\/\/api.w.org\/{rel}","templated":true}]}}