{"id":30761,"date":"2022-06-15T06:29:44","date_gmt":"2022-06-15T06:29:44","guid":{"rendered":"https:\/\/refactor-second-attempt.torseed.dev.greenparrot.pl\/produkt\/lwia-paszcza-biala\/"},"modified":"2023-03-29T18:34:20","modified_gmt":"2023-03-29T18:34:20","slug":"lwia-paszcza-biala","status":"publish","type":"product","link":"https:\/\/torseed.eu\/ru\/produkt\/lwia-paszcza-biala\/","title":{"rendered":"Lwia paszcza bia\u0142a"},"content":{"rendered":"<p>Ro\u015blina jednoroczna o kwiatach zebranych w grona. Wymaga gleby piaszczysto-gliniastej. Zastosowanie: na rabaty, na kwiat ci\u0119ty.<\/p>","protected":false},"excerpt":{"rendered":"<p>Ro\u015blina jednoroczna o kwiatach zebranych w grona. Wymaga gleby piaszczysto-gliniastej. Zastosowanie: na rabaty, na kwiat ci\u0119ty.<\/p>\n","protected":false},"featured_media":18729,"comment_status":"open","ping_status":"open","template":"","meta":{"inline_featured_image":false},"product_cat":[94,90],"product_tag":[],"acf":[],"featured_image":"https:\/\/torseed.eu\/app\/uploads\/2023\/03\/914.jpg","_links":{"self":[{"href":"https:\/\/torseed.eu\/ru\/wp-json\/wp\/v2\/product\/30761"}],"collection":[{"href":"https:\/\/torseed.eu\/ru\/wp-json\/wp\/v2\/product"}],"about":[{"href":"https:\/\/torseed.eu\/ru\/wp-json\/wp\/v2\/types\/product"}],"replies":[{"embeddable":true,"href":"https:\/\/torseed.eu\/ru\/wp-json\/wp\/v2\/comments?post=30761"}],"version-history":[{"count":0,"href":"https:\/\/torseed.eu\/ru\/wp-json\/wp\/v2\/product\/30761\/revisions"}],"wp:featuredmedia":[{"embeddable":true,"href":"https:\/\/torseed.eu\/ru\/wp-json\/wp\/v2\/media\/18729"}],"wp:attachment":[{"href":"https:\/\/torseed.eu\/ru\/wp-json\/wp\/v2\/media?parent=30761"}],"wp:term":[{"taxonomy":"product_cat","embeddable":true,"href":"https:\/\/torseed.eu\/ru\/wp-json\/wp\/v2\/product_cat?post=30761"},{"taxonomy":"product_tag","embeddable":true,"href":"https:\/\/torseed.eu\/ru\/wp-json\/wp\/v2\/product_tag?post=30761"}],"curies":[{"name":"wp","href":"https:\/\/api.w.org\/{rel}","templated":true}]}}