{"id":30763,"date":"2022-06-15T06:29:42","date_gmt":"2022-06-15T06:29:42","guid":{"rendered":"https:\/\/refactor-second-attempt.torseed.dev.greenparrot.pl\/produkt\/lobelia-zwisajaca-niebieska\/"},"modified":"2023-03-29T18:34:34","modified_gmt":"2023-03-29T18:34:34","slug":"lobelia-zwisajaca-niebieska","status":"publish","type":"product","link":"https:\/\/torseed.eu\/ru\/produkt\/lobelia-zwisajaca-niebieska\/","title":{"rendered":"Lobelia zwisaj\u0105ca niebieska"},"content":{"rendered":"<p>Ro\u015blina jednoroczna silnie rozkrzewiona o drobnych dwuwargowych kwiatach. Wymaga gleby \u017cyznej, dostatecznie wilgotnej. Zastosowanie na obw\u00f3dki, rabaty, balkony.<\/p>","protected":false},"excerpt":{"rendered":"<p>Ro\u015blina jednoroczna silnie rozkrzewiona o drobnych dwuwargowych kwiatach. Wymaga gleby \u017cyznej, dostatecznie wilgotnej. Zastosowanie na obw\u00f3dki, rabaty, balkony.<\/p>\n","protected":false},"featured_media":18723,"comment_status":"open","ping_status":"open","template":"","meta":{"inline_featured_image":false},"product_cat":[90,94],"product_tag":[],"acf":[],"featured_image":"https:\/\/torseed.eu\/app\/uploads\/2023\/03\/909.jpg","_links":{"self":[{"href":"https:\/\/torseed.eu\/ru\/wp-json\/wp\/v2\/product\/30763"}],"collection":[{"href":"https:\/\/torseed.eu\/ru\/wp-json\/wp\/v2\/product"}],"about":[{"href":"https:\/\/torseed.eu\/ru\/wp-json\/wp\/v2\/types\/product"}],"replies":[{"embeddable":true,"href":"https:\/\/torseed.eu\/ru\/wp-json\/wp\/v2\/comments?post=30763"}],"version-history":[{"count":0,"href":"https:\/\/torseed.eu\/ru\/wp-json\/wp\/v2\/product\/30763\/revisions"}],"wp:featuredmedia":[{"embeddable":true,"href":"https:\/\/torseed.eu\/ru\/wp-json\/wp\/v2\/media\/18723"}],"wp:attachment":[{"href":"https:\/\/torseed.eu\/ru\/wp-json\/wp\/v2\/media?parent=30763"}],"wp:term":[{"taxonomy":"product_cat","embeddable":true,"href":"https:\/\/torseed.eu\/ru\/wp-json\/wp\/v2\/product_cat?post=30763"},{"taxonomy":"product_tag","embeddable":true,"href":"https:\/\/torseed.eu\/ru\/wp-json\/wp\/v2\/product_tag?post=30763"}],"curies":[{"name":"wp","href":"https:\/\/api.w.org\/{rel}","templated":true}]}}