{"id":30764,"date":"2022-06-15T06:29:41","date_gmt":"2022-06-15T06:29:41","guid":{"rendered":"https:\/\/refactor-second-attempt.torseed.dev.greenparrot.pl\/produkt\/lobelia-zwisajaca-czerwona\/"},"modified":"2023-03-29T18:34:35","modified_gmt":"2023-03-29T18:34:35","slug":"lobelia-zwisajaca-czerwona","status":"publish","type":"product","link":"https:\/\/torseed.eu\/ru\/produkt\/lobelia-zwisajaca-czerwona\/","title":{"rendered":"Lobelia zwisaj\u0105ca czerwona"},"content":{"rendered":"<p>Ro\u015blina jednoroczna silnie rozkrzewiona o drobnych dwuwargowych kwiatach. Wymaga gleby \u017cyznej, dostatecznie wilgotnej. Zastosowanie na obw\u00f3dki, rabaty, balkony.<\/p>","protected":false},"excerpt":{"rendered":"<p>Ro\u015blina jednoroczna silnie rozkrzewiona o drobnych dwuwargowych kwiatach. Wymaga gleby \u017cyznej, dostatecznie wilgotnej. Zastosowanie na obw\u00f3dki, rabaty, balkony.<\/p>\n","protected":false},"featured_media":18720,"comment_status":"open","ping_status":"open","template":"","meta":{"inline_featured_image":false},"product_cat":[90,94],"product_tag":[],"acf":[],"featured_image":"https:\/\/torseed.eu\/app\/uploads\/2023\/03\/7222.jpg","_links":{"self":[{"href":"https:\/\/torseed.eu\/ru\/wp-json\/wp\/v2\/product\/30764"}],"collection":[{"href":"https:\/\/torseed.eu\/ru\/wp-json\/wp\/v2\/product"}],"about":[{"href":"https:\/\/torseed.eu\/ru\/wp-json\/wp\/v2\/types\/product"}],"replies":[{"embeddable":true,"href":"https:\/\/torseed.eu\/ru\/wp-json\/wp\/v2\/comments?post=30764"}],"version-history":[{"count":0,"href":"https:\/\/torseed.eu\/ru\/wp-json\/wp\/v2\/product\/30764\/revisions"}],"wp:featuredmedia":[{"embeddable":true,"href":"https:\/\/torseed.eu\/ru\/wp-json\/wp\/v2\/media\/18720"}],"wp:attachment":[{"href":"https:\/\/torseed.eu\/ru\/wp-json\/wp\/v2\/media?parent=30764"}],"wp:term":[{"taxonomy":"product_cat","embeddable":true,"href":"https:\/\/torseed.eu\/ru\/wp-json\/wp\/v2\/product_cat?post=30764"},{"taxonomy":"product_tag","embeddable":true,"href":"https:\/\/torseed.eu\/ru\/wp-json\/wp\/v2\/product_tag?post=30764"}],"curies":[{"name":"wp","href":"https:\/\/api.w.org\/{rel}","templated":true}]}}