{"id":30768,"date":"2022-06-15T06:29:33","date_gmt":"2022-06-15T06:29:33","guid":{"rendered":"https:\/\/refactor-second-attempt.torseed.dev.greenparrot.pl\/produkt\/lobelia-stroiczka-biala\/"},"modified":"2023-03-29T18:34:39","modified_gmt":"2023-03-29T18:34:39","slug":"lobelia-stroiczka-biala","status":"publish","type":"product","link":"https:\/\/torseed.eu\/ru\/produkt\/lobelia-stroiczka-biala\/","title":{"rendered":"Lobelia (Stroiczka) bia\u0142a"},"content":{"rendered":"<p>Ro\u015blina jednoroczna silnie rozkrzewiona o drobnych dwuwargowych kwiatach. Wymaga gleby \u017cyznej, dostatecznie wilgotnej. Zastosowanie na obw\u00f3dki, rabaty, balkony.<\/p>","protected":false},"excerpt":{"rendered":"<p>Ro\u015blina jednoroczna silnie rozkrzewiona o drobnych dwuwargowych kwiatach. Wymaga gleby \u017cyznej, dostatecznie wilgotnej. Zastosowanie na obw\u00f3dki, rabaty, balkony.<\/p>\n","protected":false},"featured_media":18707,"comment_status":"open","ping_status":"open","template":"","meta":{"inline_featured_image":false},"product_cat":[90,94],"product_tag":[],"acf":[],"featured_image":"https:\/\/torseed.eu\/app\/uploads\/2023\/03\/903.jpg","_links":{"self":[{"href":"https:\/\/torseed.eu\/ru\/wp-json\/wp\/v2\/product\/30768"}],"collection":[{"href":"https:\/\/torseed.eu\/ru\/wp-json\/wp\/v2\/product"}],"about":[{"href":"https:\/\/torseed.eu\/ru\/wp-json\/wp\/v2\/types\/product"}],"replies":[{"embeddable":true,"href":"https:\/\/torseed.eu\/ru\/wp-json\/wp\/v2\/comments?post=30768"}],"version-history":[{"count":0,"href":"https:\/\/torseed.eu\/ru\/wp-json\/wp\/v2\/product\/30768\/revisions"}],"wp:featuredmedia":[{"embeddable":true,"href":"https:\/\/torseed.eu\/ru\/wp-json\/wp\/v2\/media\/18707"}],"wp:attachment":[{"href":"https:\/\/torseed.eu\/ru\/wp-json\/wp\/v2\/media?parent=30768"}],"wp:term":[{"taxonomy":"product_cat","embeddable":true,"href":"https:\/\/torseed.eu\/ru\/wp-json\/wp\/v2\/product_cat?post=30768"},{"taxonomy":"product_tag","embeddable":true,"href":"https:\/\/torseed.eu\/ru\/wp-json\/wp\/v2\/product_tag?post=30768"}],"curies":[{"name":"wp","href":"https:\/\/api.w.org\/{rel}","templated":true}]}}