{"id":30769,"date":"2022-06-15T06:29:32","date_gmt":"2022-06-15T06:29:32","guid":{"rendered":"https:\/\/refactor-second-attempt.torseed.dev.greenparrot.pl\/produkt\/lewkonia-wielopedowa-mieszanka\/"},"modified":"2023-03-29T18:34:40","modified_gmt":"2023-03-29T18:34:40","slug":"lewkonia-wielopedowa-mieszanka","status":"publish","type":"product","link":"https:\/\/torseed.eu\/ru\/produkt\/lewkonia-wielopedowa-mieszanka\/","title":{"rendered":"Lewkonia wielop\u0119dowa mieszanka"},"content":{"rendered":"<p>Ro\u015blina jednoroczna, silnie rozga\u0142\u0119ziona o r\u00f3\u017cnobarwnych, pachn\u0105cych kwiatach. Wymaga gleby \u017cyznej. Zastosowanie: na kwiat ci\u0119ty, na rabaty.<\/p>","protected":false},"excerpt":{"rendered":"<p>Ro\u015blina jednoroczna, silnie rozga\u0142\u0119ziona o r\u00f3\u017cnobarwnych, pachn\u0105cych kwiatach. Wymaga gleby \u017cyznej. Zastosowanie: na kwiat ci\u0119ty, na rabaty.<\/p>\n","protected":false},"featured_media":18701,"comment_status":"open","ping_status":"open","template":"","meta":{"inline_featured_image":false},"product_cat":[90,94],"product_tag":[],"acf":[],"featured_image":"https:\/\/torseed.eu\/app\/uploads\/2023\/03\/899.jpg","_links":{"self":[{"href":"https:\/\/torseed.eu\/ru\/wp-json\/wp\/v2\/product\/30769"}],"collection":[{"href":"https:\/\/torseed.eu\/ru\/wp-json\/wp\/v2\/product"}],"about":[{"href":"https:\/\/torseed.eu\/ru\/wp-json\/wp\/v2\/types\/product"}],"replies":[{"embeddable":true,"href":"https:\/\/torseed.eu\/ru\/wp-json\/wp\/v2\/comments?post=30769"}],"version-history":[{"count":0,"href":"https:\/\/torseed.eu\/ru\/wp-json\/wp\/v2\/product\/30769\/revisions"}],"wp:featuredmedia":[{"embeddable":true,"href":"https:\/\/torseed.eu\/ru\/wp-json\/wp\/v2\/media\/18701"}],"wp:attachment":[{"href":"https:\/\/torseed.eu\/ru\/wp-json\/wp\/v2\/media?parent=30769"}],"wp:term":[{"taxonomy":"product_cat","embeddable":true,"href":"https:\/\/torseed.eu\/ru\/wp-json\/wp\/v2\/product_cat?post=30769"},{"taxonomy":"product_tag","embeddable":true,"href":"https:\/\/torseed.eu\/ru\/wp-json\/wp\/v2\/product_tag?post=30769"}],"curies":[{"name":"wp","href":"https:\/\/api.w.org\/{rel}","templated":true}]}}