{"id":30770,"date":"2022-06-15T06:29:32","date_gmt":"2022-06-15T06:29:32","guid":{"rendered":"https:\/\/refactor-second-attempt.torseed.dev.greenparrot.pl\/produkt\/limnantes-zolto-bialy\/"},"modified":"2023-03-29T18:34:41","modified_gmt":"2023-03-29T18:34:41","slug":"limnantes-zolto-bialy","status":"publish","type":"product","link":"https:\/\/torseed.eu\/ru\/produkt\/limnantes-zolto-bialy\/","title":{"rendered":"Limnantes \u017c\u00f3\u0142to-bia\u0142y"},"content":{"rendered":"<p>Ro\u015blina jednoroczna o pachn\u0105cych, \u017c\u00f3\u0142tobia\u0142ych kwiatach. Wymaga gleby \u017cyznej, wilgotnej. Zastosowanie: na obwod\u00f3wki, ogr\u00f3dki skalne i do pojemnik\u00f3w.<\/p>","protected":false},"excerpt":{"rendered":"<p>Ro\u015blina jednoroczna o pachn\u0105cych, \u017c\u00f3\u0142tobia\u0142ych kwiatach. Wymaga gleby \u017cyznej, wilgotnej. Zastosowanie: na obwod\u00f3wki, ogr\u00f3dki skalne i do pojemnik\u00f3w.<\/p>\n","protected":false},"featured_media":18704,"comment_status":"open","ping_status":"open","template":"","meta":{"inline_featured_image":false},"product_cat":[90,94],"product_tag":[],"acf":[],"featured_image":"https:\/\/torseed.eu\/app\/uploads\/2023\/03\/901.jpg","_links":{"self":[{"href":"https:\/\/torseed.eu\/ru\/wp-json\/wp\/v2\/product\/30770"}],"collection":[{"href":"https:\/\/torseed.eu\/ru\/wp-json\/wp\/v2\/product"}],"about":[{"href":"https:\/\/torseed.eu\/ru\/wp-json\/wp\/v2\/types\/product"}],"replies":[{"embeddable":true,"href":"https:\/\/torseed.eu\/ru\/wp-json\/wp\/v2\/comments?post=30770"}],"version-history":[{"count":0,"href":"https:\/\/torseed.eu\/ru\/wp-json\/wp\/v2\/product\/30770\/revisions"}],"wp:featuredmedia":[{"embeddable":true,"href":"https:\/\/torseed.eu\/ru\/wp-json\/wp\/v2\/media\/18704"}],"wp:attachment":[{"href":"https:\/\/torseed.eu\/ru\/wp-json\/wp\/v2\/media?parent=30770"}],"wp:term":[{"taxonomy":"product_cat","embeddable":true,"href":"https:\/\/torseed.eu\/ru\/wp-json\/wp\/v2\/product_cat?post=30770"},{"taxonomy":"product_tag","embeddable":true,"href":"https:\/\/torseed.eu\/ru\/wp-json\/wp\/v2\/product_tag?post=30770"}],"curies":[{"name":"wp","href":"https:\/\/api.w.org\/{rel}","templated":true}]}}