{"id":30771,"date":"2022-06-15T06:29:31","date_gmt":"2022-06-15T06:29:31","guid":{"rendered":"https:\/\/refactor-second-attempt.torseed.dev.greenparrot.pl\/produkt\/lewkonia-letnia-varsovia-mix-kolorow-o-blyszczacych-lisciach\/"},"modified":"2023-03-29T18:34:41","modified_gmt":"2023-03-29T18:34:41","slug":"lewkonia-letnia-varsovia-mix-kolorow-o-blyszczacych-lisciach","status":"publish","type":"product","link":"https:\/\/torseed.eu\/ru\/produkt\/lewkonia-letnia-varsovia-mix-kolorow-o-blyszczacych-lisciach\/","title":{"rendered":"Lewkonia letnia Varsovia mix kolor\u00f3w o b\u0142yszcz\u0105cych li\u015bciach"},"content":{"rendered":"<p>Ro\u015blina jednoroczna, silnie rozga\u0142eziona o r\u00f3znobarwnych, pachn\u0105cych kwiatach. Wymaga gleby \u017cyznej. Zastosowanie: na kwiat ci\u0119ty, na rabaty.<\/p>","protected":false},"excerpt":{"rendered":"<p>Ro\u015blina jednoroczna, silnie rozga\u0142eziona o r\u00f3znobarwnych, pachn\u0105cych kwiatach. Wymaga gleby \u017cyznej. Zastosowanie: na kwiat ci\u0119ty, na rabaty.<\/p>\n","protected":false},"featured_media":18698,"comment_status":"open","ping_status":"open","template":"","meta":{"inline_featured_image":false},"product_cat":[90,94],"product_tag":[],"acf":[],"featured_image":"https:\/\/torseed.eu\/app\/uploads\/2023\/03\/897.jpg","_links":{"self":[{"href":"https:\/\/torseed.eu\/ru\/wp-json\/wp\/v2\/product\/30771"}],"collection":[{"href":"https:\/\/torseed.eu\/ru\/wp-json\/wp\/v2\/product"}],"about":[{"href":"https:\/\/torseed.eu\/ru\/wp-json\/wp\/v2\/types\/product"}],"replies":[{"embeddable":true,"href":"https:\/\/torseed.eu\/ru\/wp-json\/wp\/v2\/comments?post=30771"}],"version-history":[{"count":0,"href":"https:\/\/torseed.eu\/ru\/wp-json\/wp\/v2\/product\/30771\/revisions"}],"wp:featuredmedia":[{"embeddable":true,"href":"https:\/\/torseed.eu\/ru\/wp-json\/wp\/v2\/media\/18698"}],"wp:attachment":[{"href":"https:\/\/torseed.eu\/ru\/wp-json\/wp\/v2\/media?parent=30771"}],"wp:term":[{"taxonomy":"product_cat","embeddable":true,"href":"https:\/\/torseed.eu\/ru\/wp-json\/wp\/v2\/product_cat?post=30771"},{"taxonomy":"product_tag","embeddable":true,"href":"https:\/\/torseed.eu\/ru\/wp-json\/wp\/v2\/product_tag?post=30771"}],"curies":[{"name":"wp","href":"https:\/\/api.w.org\/{rel}","templated":true}]}}