{"id":30780,"date":"2022-06-15T06:29:18","date_gmt":"2022-06-15T06:29:18","guid":{"rendered":"https:\/\/refactor-second-attempt.torseed.dev.greenparrot.pl\/produkt\/lewkonia-letnia-excelsior-biala\/"},"modified":"2023-03-29T18:34:49","modified_gmt":"2023-03-29T18:34:49","slug":"lewkonia-letnia-excelsior-biala","status":"publish","type":"product","link":"https:\/\/torseed.eu\/ru\/produkt\/lewkonia-letnia-excelsior-biala\/","title":{"rendered":"Lewkonia letnia Excelsior bia\u0142a"},"content":{"rendered":"<p>Ro\u015blina jednoroczna o pe\u0142nych, pachn\u0105cych kwiatach. Wymaga ziemi \u017cyznej. Zastosowanie: na kwiat ci\u0119ty, na rabaty, doskona\u0142a do wiosennego p\u0119dzenia.<\/p>","protected":false},"excerpt":{"rendered":"<p>Ro\u015blina jednoroczna o pe\u0142nych, pachn\u0105cych kwiatach. Wymaga ziemi \u017cyznej. Zastosowanie: na kwiat ci\u0119ty, na rabaty, doskona\u0142a do wiosennego p\u0119dzenia.<\/p>\n","protected":false},"featured_media":18671,"comment_status":"open","ping_status":"open","template":"","meta":{"inline_featured_image":false},"product_cat":[94,90],"product_tag":[],"acf":[],"featured_image":"https:\/\/torseed.eu\/app\/uploads\/2023\/03\/888.jpg","_links":{"self":[{"href":"https:\/\/torseed.eu\/ru\/wp-json\/wp\/v2\/product\/30780"}],"collection":[{"href":"https:\/\/torseed.eu\/ru\/wp-json\/wp\/v2\/product"}],"about":[{"href":"https:\/\/torseed.eu\/ru\/wp-json\/wp\/v2\/types\/product"}],"replies":[{"embeddable":true,"href":"https:\/\/torseed.eu\/ru\/wp-json\/wp\/v2\/comments?post=30780"}],"version-history":[{"count":0,"href":"https:\/\/torseed.eu\/ru\/wp-json\/wp\/v2\/product\/30780\/revisions"}],"wp:featuredmedia":[{"embeddable":true,"href":"https:\/\/torseed.eu\/ru\/wp-json\/wp\/v2\/media\/18671"}],"wp:attachment":[{"href":"https:\/\/torseed.eu\/ru\/wp-json\/wp\/v2\/media?parent=30780"}],"wp:term":[{"taxonomy":"product_cat","embeddable":true,"href":"https:\/\/torseed.eu\/ru\/wp-json\/wp\/v2\/product_cat?post=30780"},{"taxonomy":"product_tag","embeddable":true,"href":"https:\/\/torseed.eu\/ru\/wp-json\/wp\/v2\/product_tag?post=30780"}],"curies":[{"name":"wp","href":"https:\/\/api.w.org\/{rel}","templated":true}]}}