{"id":30783,"date":"2022-06-15T06:29:16","date_gmt":"2022-06-15T06:29:16","guid":{"rendered":"https:\/\/refactor-second-attempt.torseed.dev.greenparrot.pl\/produkt\/laja-zolte-z-bialym-brzegiem\/"},"modified":"2023-03-29T18:35:04","modified_gmt":"2023-03-29T18:35:04","slug":"laja-zolte-z-bialym-brzegiem","status":"publish","type":"product","link":"https:\/\/torseed.eu\/ru\/produkt\/laja-zolte-z-bialym-brzegiem\/","title":{"rendered":"Laja \u017c\u00f3\u0142te z bia\u0142ym brzegiem"},"content":{"rendered":"<p>Ro\u015blina jednoroczna, silnie krzewi\u0105ca si\u0119. Kwiaty pojedyncze, \u017c\u00f3\u0142te z bia\u0142ym obrze\u017cem. Wymaga gleby lekkiej, piaszczystej. Zastosowanie: na rabaty, kwietniki, na kwiaty ci\u0119te. Zerwane kwiaty d\u0142ugo zachowuj\u0105 \u015bwie\u017co\u015b\u0107.<\/p>","protected":false},"excerpt":{"rendered":"<p>Ro\u015blina jednoroczna, silnie krzewi\u0105ca si\u0119. Kwiaty pojedyncze, \u017c\u00f3\u0142te z bia\u0142ym obrze\u017cem. Wymaga gleby lekkiej, piaszczystej. Zastosowanie: na rabaty, kwietniki, na kwiaty ci\u0119te. Zerwane kwiaty d\u0142ugo zachowuj\u0105 \u015bwie\u017co\u015b\u0107.<\/p>\n","protected":false},"featured_media":18662,"comment_status":"open","ping_status":"open","template":"","meta":{"inline_featured_image":false},"product_cat":[90,94],"product_tag":[],"acf":[],"featured_image":"https:\/\/torseed.eu\/app\/uploads\/2023\/03\/882.jpg","_links":{"self":[{"href":"https:\/\/torseed.eu\/ru\/wp-json\/wp\/v2\/product\/30783"}],"collection":[{"href":"https:\/\/torseed.eu\/ru\/wp-json\/wp\/v2\/product"}],"about":[{"href":"https:\/\/torseed.eu\/ru\/wp-json\/wp\/v2\/types\/product"}],"replies":[{"embeddable":true,"href":"https:\/\/torseed.eu\/ru\/wp-json\/wp\/v2\/comments?post=30783"}],"version-history":[{"count":0,"href":"https:\/\/torseed.eu\/ru\/wp-json\/wp\/v2\/product\/30783\/revisions"}],"wp:featuredmedia":[{"embeddable":true,"href":"https:\/\/torseed.eu\/ru\/wp-json\/wp\/v2\/media\/18662"}],"wp:attachment":[{"href":"https:\/\/torseed.eu\/ru\/wp-json\/wp\/v2\/media?parent=30783"}],"wp:term":[{"taxonomy":"product_cat","embeddable":true,"href":"https:\/\/torseed.eu\/ru\/wp-json\/wp\/v2\/product_cat?post=30783"},{"taxonomy":"product_tag","embeddable":true,"href":"https:\/\/torseed.eu\/ru\/wp-json\/wp\/v2\/product_tag?post=30783"}],"curies":[{"name":"wp","href":"https:\/\/api.w.org\/{rel}","templated":true}]}}