{"id":30785,"date":"2022-06-15T06:29:14","date_gmt":"2022-06-15T06:29:14","guid":{"rendered":"https:\/\/refactor-second-attempt.torseed.dev.greenparrot.pl\/produkt\/kroplik-mieszanka\/"},"modified":"2023-03-29T18:35:06","modified_gmt":"2023-03-29T18:35:06","slug":"kroplik-mieszanka","status":"publish","type":"product","link":"https:\/\/torseed.eu\/ru\/produkt\/kroplik-mieszanka\/","title":{"rendered":"Kroplik mieszanka"},"content":{"rendered":"<p>Ro\u015blina jednoroczna o r\u00f3\u017cnobarwnych, nakrapianych dzwonkowatych kwiatach. Wymaga gleby \u017cyznej, lekkiej. Zastosowanie: na rabaty, obw\u00f3dki i do uprawy doniczkowej.<\/p>","protected":false},"excerpt":{"rendered":"<p>Ro\u015blina jednoroczna o r\u00f3\u017cnobarwnych, nakrapianych dzwonkowatych kwiatach. Wymaga gleby \u017cyznej, lekkiej. Zastosowanie: na rabaty, obw\u00f3dki i do uprawy doniczkowej.<\/p>\n","protected":false},"featured_media":18656,"comment_status":"open","ping_status":"open","template":"","meta":{"inline_featured_image":false},"product_cat":[90,94],"product_tag":[],"acf":[],"featured_image":"https:\/\/torseed.eu\/app\/uploads\/2023\/03\/876.jpg","_links":{"self":[{"href":"https:\/\/torseed.eu\/ru\/wp-json\/wp\/v2\/product\/30785"}],"collection":[{"href":"https:\/\/torseed.eu\/ru\/wp-json\/wp\/v2\/product"}],"about":[{"href":"https:\/\/torseed.eu\/ru\/wp-json\/wp\/v2\/types\/product"}],"replies":[{"embeddable":true,"href":"https:\/\/torseed.eu\/ru\/wp-json\/wp\/v2\/comments?post=30785"}],"version-history":[{"count":0,"href":"https:\/\/torseed.eu\/ru\/wp-json\/wp\/v2\/product\/30785\/revisions"}],"wp:featuredmedia":[{"embeddable":true,"href":"https:\/\/torseed.eu\/ru\/wp-json\/wp\/v2\/media\/18656"}],"wp:attachment":[{"href":"https:\/\/torseed.eu\/ru\/wp-json\/wp\/v2\/media?parent=30785"}],"wp:term":[{"taxonomy":"product_cat","embeddable":true,"href":"https:\/\/torseed.eu\/ru\/wp-json\/wp\/v2\/product_cat?post=30785"},{"taxonomy":"product_tag","embeddable":true,"href":"https:\/\/torseed.eu\/ru\/wp-json\/wp\/v2\/product_tag?post=30785"}],"curies":[{"name":"wp","href":"https:\/\/api.w.org\/{rel}","templated":true}]}}