{"id":30787,"date":"2022-06-15T06:29:07","date_gmt":"2022-06-15T06:29:07","guid":{"rendered":"https:\/\/refactor-second-attempt.torseed.dev.greenparrot.pl\/produkt\/kochia-mietelnik-zielony\/"},"modified":"2023-03-29T18:35:07","modified_gmt":"2023-03-29T18:35:07","slug":"kochia-mietelnik-zielony","status":"publish","type":"product","link":"https:\/\/torseed.eu\/ru\/produkt\/kochia-mietelnik-zielony\/","title":{"rendered":"Kochia (Mietelnik) zielony"},"content":{"rendered":"<p>Ro\u015b\u0142ina jednoroczna o drobnych, lancetowatych li\u015bciach i niepozornych, czerwonych kwiatach. Ro\u015bnie dobrze na ka\u017cdej glebie dostatecznie wilgotnej. Zastosowanie: na niskie \u017cywop\u0142oty i szpalery.<\/p>","protected":false},"excerpt":{"rendered":"<p>Ro\u015b\u0142ina jednoroczna o drobnych, lancetowatych li\u015bciach i niepozornych, czerwonych kwiatach. Ro\u015bnie dobrze na ka\u017cdej glebie dostatecznie wilgotnej. Zastosowanie: na niskie \u017cywop\u0142oty i szpalery.<\/p>\n","protected":false},"featured_media":18650,"comment_status":"open","ping_status":"open","template":"","meta":{"inline_featured_image":false},"product_cat":[90,94],"product_tag":[],"acf":[],"featured_image":"https:\/\/torseed.eu\/app\/uploads\/2023\/03\/947.jpg","_links":{"self":[{"href":"https:\/\/torseed.eu\/ru\/wp-json\/wp\/v2\/product\/30787"}],"collection":[{"href":"https:\/\/torseed.eu\/ru\/wp-json\/wp\/v2\/product"}],"about":[{"href":"https:\/\/torseed.eu\/ru\/wp-json\/wp\/v2\/types\/product"}],"replies":[{"embeddable":true,"href":"https:\/\/torseed.eu\/ru\/wp-json\/wp\/v2\/comments?post=30787"}],"version-history":[{"count":0,"href":"https:\/\/torseed.eu\/ru\/wp-json\/wp\/v2\/product\/30787\/revisions"}],"wp:featuredmedia":[{"embeddable":true,"href":"https:\/\/torseed.eu\/ru\/wp-json\/wp\/v2\/media\/18650"}],"wp:attachment":[{"href":"https:\/\/torseed.eu\/ru\/wp-json\/wp\/v2\/media?parent=30787"}],"wp:term":[{"taxonomy":"product_cat","embeddable":true,"href":"https:\/\/torseed.eu\/ru\/wp-json\/wp\/v2\/product_cat?post=30787"},{"taxonomy":"product_tag","embeddable":true,"href":"https:\/\/torseed.eu\/ru\/wp-json\/wp\/v2\/product_tag?post=30787"}],"curies":[{"name":"wp","href":"https:\/\/api.w.org\/{rel}","templated":true}]}}