{"id":30792,"date":"2022-06-15T06:29:03","date_gmt":"2022-06-15T06:29:03","guid":{"rendered":"https:\/\/refactor-second-attempt.torseed.dev.greenparrot.pl\/produkt\/kardiospermum-zielone\/"},"modified":"2023-03-29T18:35:11","modified_gmt":"2023-03-29T18:35:11","slug":"kardiospermum-zielone","status":"publish","type":"product","link":"https:\/\/torseed.eu\/ru\/produkt\/kardiospermum-zielone\/","title":{"rendered":"Kardiospermum zielone"},"content":{"rendered":"<p>Jednoroczne pn\u0105cze o efektownych owocach w kszta\u0142cie zielonych balonik\u00f3w. Wymaga gleby \u017cyznej, wilgotnej, ale dobrze przepuszczalnej. Zastosowanie: pergole, balkony, jako os\u0142ona, owoce na suche kompozycje.<\/p>","protected":false},"excerpt":{"rendered":"<p>Jednoroczne pn\u0105cze o efektownych owocach w kszta\u0142cie zielonych balonik\u00f3w. Wymaga gleby \u017cyznej, wilgotnej, ale dobrze przepuszczalnej. Zastosowanie: pergole, balkony, jako os\u0142ona, owoce na suche kompozycje.<\/p>\n","protected":false},"featured_media":18635,"comment_status":"open","ping_status":"open","template":"","meta":{"inline_featured_image":false},"product_cat":[90,94],"product_tag":[],"acf":[],"featured_image":"https:\/\/torseed.eu\/app\/uploads\/2023\/03\/863.jpg","_links":{"self":[{"href":"https:\/\/torseed.eu\/ru\/wp-json\/wp\/v2\/product\/30792"}],"collection":[{"href":"https:\/\/torseed.eu\/ru\/wp-json\/wp\/v2\/product"}],"about":[{"href":"https:\/\/torseed.eu\/ru\/wp-json\/wp\/v2\/types\/product"}],"replies":[{"embeddable":true,"href":"https:\/\/torseed.eu\/ru\/wp-json\/wp\/v2\/comments?post=30792"}],"version-history":[{"count":0,"href":"https:\/\/torseed.eu\/ru\/wp-json\/wp\/v2\/product\/30792\/revisions"}],"wp:featuredmedia":[{"embeddable":true,"href":"https:\/\/torseed.eu\/ru\/wp-json\/wp\/v2\/media\/18635"}],"wp:attachment":[{"href":"https:\/\/torseed.eu\/ru\/wp-json\/wp\/v2\/media?parent=30792"}],"wp:term":[{"taxonomy":"product_cat","embeddable":true,"href":"https:\/\/torseed.eu\/ru\/wp-json\/wp\/v2\/product_cat?post=30792"},{"taxonomy":"product_tag","embeddable":true,"href":"https:\/\/torseed.eu\/ru\/wp-json\/wp\/v2\/product_tag?post=30792"}],"curies":[{"name":"wp","href":"https:\/\/api.w.org\/{rel}","templated":true}]}}