{"id":30793,"date":"2022-06-15T06:29:02","date_gmt":"2022-06-15T06:29:02","guid":{"rendered":"https:\/\/refactor-second-attempt.torseed.dev.greenparrot.pl\/produkt\/groszek-pachnacy-mieszanka\/"},"modified":"2023-03-29T18:35:12","modified_gmt":"2023-03-29T18:35:12","slug":"groszek-pachnacy-mieszanka","status":"publish","type":"product","link":"https:\/\/torseed.eu\/ru\/produkt\/groszek-pachnacy-mieszanka\/","title":{"rendered":"Groszek pachn\u0105cy mieszanka"},"content":{"rendered":"<p>Ro\u015blina jednoroczna o kolorowych silnie pachn\u0105cych kwiatach. Wymaga gleby zasobnej w wapno. Zastosowanie: na kwiat ci\u0119ty, do okrywania ogrodze\u0144 balkon\u00f3w.<\/p>","protected":false},"excerpt":{"rendered":"<p>Ro\u015blina jednoroczna o kolorowych silnie pachn\u0105cych kwiatach. Wymaga gleby zasobnej w wapno. Zastosowanie: na kwiat ci\u0119ty, do okrywania ogrodze\u0144 balkon\u00f3w.<\/p>\n","protected":false},"featured_media":18629,"comment_status":"open","ping_status":"open","template":"","meta":{"inline_featured_image":false},"product_cat":[90,94],"product_tag":[],"acf":[],"featured_image":"https:\/\/torseed.eu\/app\/uploads\/2023\/03\/859.jpg","_links":{"self":[{"href":"https:\/\/torseed.eu\/ru\/wp-json\/wp\/v2\/product\/30793"}],"collection":[{"href":"https:\/\/torseed.eu\/ru\/wp-json\/wp\/v2\/product"}],"about":[{"href":"https:\/\/torseed.eu\/ru\/wp-json\/wp\/v2\/types\/product"}],"replies":[{"embeddable":true,"href":"https:\/\/torseed.eu\/ru\/wp-json\/wp\/v2\/comments?post=30793"}],"version-history":[{"count":0,"href":"https:\/\/torseed.eu\/ru\/wp-json\/wp\/v2\/product\/30793\/revisions"}],"wp:featuredmedia":[{"embeddable":true,"href":"https:\/\/torseed.eu\/ru\/wp-json\/wp\/v2\/media\/18629"}],"wp:attachment":[{"href":"https:\/\/torseed.eu\/ru\/wp-json\/wp\/v2\/media?parent=30793"}],"wp:term":[{"taxonomy":"product_cat","embeddable":true,"href":"https:\/\/torseed.eu\/ru\/wp-json\/wp\/v2\/product_cat?post=30793"},{"taxonomy":"product_tag","embeddable":true,"href":"https:\/\/torseed.eu\/ru\/wp-json\/wp\/v2\/product_tag?post=30793"}],"curies":[{"name":"wp","href":"https:\/\/api.w.org\/{rel}","templated":true}]}}