{"id":30794,"date":"2022-06-15T06:29:02","date_gmt":"2022-06-15T06:29:02","guid":{"rendered":"https:\/\/refactor-second-attempt.torseed.dev.greenparrot.pl\/produkt\/kapusta-ozdobna-o-kolorowych-fryzowanych-lisciach\/"},"modified":"2023-03-29T18:35:13","modified_gmt":"2023-03-29T18:35:13","slug":"kapusta-ozdobna-o-kolorowych-fryzowanych-lisciach","status":"publish","type":"product","link":"https:\/\/torseed.eu\/ru\/produkt\/kapusta-ozdobna-o-kolorowych-fryzowanych-lisciach\/","title":{"rendered":"Kapusta ozdobna o kolorowych, &#8220;fryzowanych&#8221; li\u015bciach"},"content":{"rendered":"<p>Ro\u015blina jednoroczna, ozdobna z li\u015bci. Wymaga gleby \u017cyznej i dobrego zasilania. Zastosowanie: na rabaty, do dekoracji sto\u0142\u00f3w.<\/p>","protected":false},"excerpt":{"rendered":"<p>Ro\u015blina jednoroczna, ozdobna z li\u015bci. Wymaga gleby \u017cyznej i dobrego zasilania. Zastosowanie: na rabaty, do dekoracji sto\u0142\u00f3w.<\/p>\n","protected":false},"featured_media":18632,"comment_status":"open","ping_status":"open","template":"","meta":{"inline_featured_image":false},"product_cat":[90,94],"product_tag":[],"acf":[],"featured_image":"https:\/\/torseed.eu\/app\/uploads\/2023\/03\/861.jpg","_links":{"self":[{"href":"https:\/\/torseed.eu\/ru\/wp-json\/wp\/v2\/product\/30794"}],"collection":[{"href":"https:\/\/torseed.eu\/ru\/wp-json\/wp\/v2\/product"}],"about":[{"href":"https:\/\/torseed.eu\/ru\/wp-json\/wp\/v2\/types\/product"}],"replies":[{"embeddable":true,"href":"https:\/\/torseed.eu\/ru\/wp-json\/wp\/v2\/comments?post=30794"}],"version-history":[{"count":0,"href":"https:\/\/torseed.eu\/ru\/wp-json\/wp\/v2\/product\/30794\/revisions"}],"wp:featuredmedia":[{"embeddable":true,"href":"https:\/\/torseed.eu\/ru\/wp-json\/wp\/v2\/media\/18632"}],"wp:attachment":[{"href":"https:\/\/torseed.eu\/ru\/wp-json\/wp\/v2\/media?parent=30794"}],"wp:term":[{"taxonomy":"product_cat","embeddable":true,"href":"https:\/\/torseed.eu\/ru\/wp-json\/wp\/v2\/product_cat?post=30794"},{"taxonomy":"product_tag","embeddable":true,"href":"https:\/\/torseed.eu\/ru\/wp-json\/wp\/v2\/product_tag?post=30794"}],"curies":[{"name":"wp","href":"https:\/\/api.w.org\/{rel}","templated":true}]}}